{"id":1082,"date":"2015-04-20T09:36:27","date_gmt":"2015-04-20T08:36:27","guid":{"rendered":"http:\/\/dev.sogoodlanguages.com\/english\/?page_id=1082"},"modified":"2016-03-14T19:28:19","modified_gmt":"2016-03-14T19:28:19","slug":"pro-deti","status":"publish","type":"page","link":"https:\/\/dev.sogoodlanguages.com\/cs\/pro-deti\/","title":{"rendered":"Pro d\u011bti"},"content":{"rendered":"<section class=\"wpb-content-wrapper\"><p>[vc_row][vc_column width=&#8220;2\/3&#8243;]<div class=\"td_block_wrap td_block_4 td_uid_1_69f10e38e8a0a_rand td_with_ajax_pagination td-pb-border-top td_block_template_1 td-column-1 td_block_padding\"  data-td-block-uid=\"td_uid_1_69f10e38e8a0a\" >\n<style>\n.td-theme-wrap .td_uid_1_69f10e38e8a0a_rand .td-pulldown-filter-link:hover,\r\n            .td-theme-wrap .td_uid_1_69f10e38e8a0a_rand .td-subcat-item a:hover,\r\n            .td-theme-wrap .td_uid_1_69f10e38e8a0a_rand .td-subcat-item .td-cur-simple-item {\r\n                color: #fbae3a;\r\n            }\r\n\r\n            .td-theme-wrap .td_uid_1_69f10e38e8a0a_rand .block-title > *,\r\n            .td-theme-wrap .td_uid_1_69f10e38e8a0a_rand .td-subcat-dropdown:hover .td-subcat-more {\r\n                background-color: #fbae3a;\r\n            }\r\n            .td-theme-wrap .td-footer-wrapper .td_uid_1_69f10e38e8a0a_rand .block-title > * {\r\n                padding: 6px 7px 5px;\r\n                line-height: 1;\r\n            }\r\n\r\n            .td-theme-wrap .td_uid_1_69f10e38e8a0a_rand .block-title {\r\n                border-color: #fbae3a;\r\n            }\r\n\r\n            \r\n            .td-theme-wrap .td_uid_1_69f10e38e8a0a_rand .td_module_wrap:hover .entry-title a,\r\n            .td-theme-wrap .td_uid_1_69f10e38e8a0a_rand .td_quote_on_blocks,\r\n            .td-theme-wrap .td_uid_1_69f10e38e8a0a_rand .td-opacity-cat .td-post-category:hover,\r\n            .td-theme-wrap .td_uid_1_69f10e38e8a0a_rand .td-opacity-read .td-read-more a:hover,\r\n            .td-theme-wrap .td_uid_1_69f10e38e8a0a_rand .td-opacity-author .td-post-author-name a:hover,\r\n            .td-theme-wrap .td_uid_1_69f10e38e8a0a_rand .td-instagram-user a {\r\n                color: #fbae3a;\r\n            }\r\n\r\n            .td-theme-wrap .td_uid_1_69f10e38e8a0a_rand .td-next-prev-wrap a:hover,\r\n            .td-theme-wrap .td_uid_1_69f10e38e8a0a_rand .td-load-more-wrap a:hover {\r\n                background-color: #fbae3a;\r\n                border-color: #fbae3a;\r\n            }\r\n\r\n            .td-theme-wrap .td_uid_1_69f10e38e8a0a_rand .td-read-more a,\r\n            .td-theme-wrap .td_uid_1_69f10e38e8a0a_rand .td-weather-information:before,\r\n            .td-theme-wrap .td_uid_1_69f10e38e8a0a_rand .td-weather-week:before,\r\n            .td-theme-wrap .td_uid_1_69f10e38e8a0a_rand .td-exchange-header:before,\r\n            .td-theme-wrap .td-footer-wrapper .td_uid_1_69f10e38e8a0a_rand .td-post-category,\r\n            .td-theme-wrap .td_uid_1_69f10e38e8a0a_rand .td-post-category:hover {\r\n                background-color: #fbae3a;\r\n            }\n<\/style><script>var block_td_uid_1_69f10e38e8a0a = new tdBlock();\nblock_td_uid_1_69f10e38e8a0a.id = \"td_uid_1_69f10e38e8a0a\";\nblock_td_uid_1_69f10e38e8a0a.atts = '{\"custom_title\":\"\\u010cl\\u00e1nky pro d\\u011bti\",\"header_color\":\"#fbae3a\",\"category_id\":\"22\",\"limit\":\"6\",\"ajax_pagination\":\"load_more\",\"show_child_cat\":\"all\",\"separator\":\"\",\"custom_url\":\"\",\"block_template_id\":\"\",\"m2_tl\":\"\",\"m2_el\":\"\",\"post_ids\":\"\",\"category_ids\":\"\",\"tag_slug\":\"\",\"autors_id\":\"\",\"installed_post_types\":\"\",\"sort\":\"\",\"offset\":\"\",\"el_class\":\"\",\"td_ajax_filter_type\":\"\",\"td_ajax_filter_ids\":\"\",\"td_filter_default_txt\":\"All\",\"td_ajax_preloading\":\"\",\"f_header_font_header\":\"\",\"f_header_font_title\":\"Block header\",\"f_header_font_settings\":\"\",\"f_header_font_family\":\"\",\"f_header_font_size\":\"\",\"f_header_font_line_height\":\"\",\"f_header_font_style\":\"\",\"f_header_font_weight\":\"\",\"f_header_font_transform\":\"\",\"f_header_font_spacing\":\"\",\"f_header_\":\"\",\"f_ajax_font_title\":\"Ajax categories\",\"f_ajax_font_settings\":\"\",\"f_ajax_font_family\":\"\",\"f_ajax_font_size\":\"\",\"f_ajax_font_line_height\":\"\",\"f_ajax_font_style\":\"\",\"f_ajax_font_weight\":\"\",\"f_ajax_font_transform\":\"\",\"f_ajax_font_spacing\":\"\",\"f_ajax_\":\"\",\"f_more_font_title\":\"Load more button\",\"f_more_font_settings\":\"\",\"f_more_font_family\":\"\",\"f_more_font_size\":\"\",\"f_more_font_line_height\":\"\",\"f_more_font_style\":\"\",\"f_more_font_weight\":\"\",\"f_more_font_transform\":\"\",\"f_more_font_spacing\":\"\",\"f_more_\":\"\",\"m2f_title_font_header\":\"\",\"m2f_title_font_title\":\"Article title\",\"m2f_title_font_settings\":\"\",\"m2f_title_font_family\":\"\",\"m2f_title_font_size\":\"\",\"m2f_title_font_line_height\":\"\",\"m2f_title_font_style\":\"\",\"m2f_title_font_weight\":\"\",\"m2f_title_font_transform\":\"\",\"m2f_title_font_spacing\":\"\",\"m2f_title_\":\"\",\"m2f_cat_font_title\":\"Article category tag\",\"m2f_cat_font_settings\":\"\",\"m2f_cat_font_family\":\"\",\"m2f_cat_font_size\":\"\",\"m2f_cat_font_line_height\":\"\",\"m2f_cat_font_style\":\"\",\"m2f_cat_font_weight\":\"\",\"m2f_cat_font_transform\":\"\",\"m2f_cat_font_spacing\":\"\",\"m2f_cat_\":\"\",\"m2f_meta_font_title\":\"Article meta info\",\"m2f_meta_font_settings\":\"\",\"m2f_meta_font_family\":\"\",\"m2f_meta_font_size\":\"\",\"m2f_meta_font_line_height\":\"\",\"m2f_meta_font_style\":\"\",\"m2f_meta_font_weight\":\"\",\"m2f_meta_font_transform\":\"\",\"m2f_meta_font_spacing\":\"\",\"m2f_meta_\":\"\",\"m2f_ex_font_title\":\"Article excerpt\",\"m2f_ex_font_settings\":\"\",\"m2f_ex_font_family\":\"\",\"m2f_ex_font_size\":\"\",\"m2f_ex_font_line_height\":\"\",\"m2f_ex_font_style\":\"\",\"m2f_ex_font_weight\":\"\",\"m2f_ex_font_transform\":\"\",\"m2f_ex_font_spacing\":\"\",\"m2f_ex_\":\"\",\"ajax_pagination_infinite_stop\":\"\",\"css\":\"\",\"tdc_css\":\"\",\"td_column_number\":1,\"color_preset\":\"\",\"border_top\":\"\",\"class\":\"td_uid_1_69f10e38e8a0a_rand\",\"tdc_css_class\":\"td_uid_1_69f10e38e8a0a_rand\",\"tdc_css_class_style\":\"td_uid_1_69f10e38e8a0a_rand_style\"}';\nblock_td_uid_1_69f10e38e8a0a.td_column_number = \"1\";\nblock_td_uid_1_69f10e38e8a0a.block_type = \"td_block_4\";\nblock_td_uid_1_69f10e38e8a0a.post_count = \"6\";\nblock_td_uid_1_69f10e38e8a0a.found_posts = \"9\";\nblock_td_uid_1_69f10e38e8a0a.header_color = \"#fbae3a\";\nblock_td_uid_1_69f10e38e8a0a.ajax_pagination_infinite_stop = \"\";\nblock_td_uid_1_69f10e38e8a0a.max_num_pages = \"2\";\ntdBlocksArray.push(block_td_uid_1_69f10e38e8a0a);\n<\/script><div class=\"td-block-title-wrap\"><h4 class=\"block-title td-block-title\"><span class=\"td-pulldown-size\">\u010cl\u00e1nky pro d\u011bti<\/span><\/h4><\/div><div id=td_uid_1_69f10e38e8a0a class=\"td_block_inner\">\n\n\t<div class=\"td-block-span12\">\n\r\n        <div class=\"td_module_2 td_module_wrap td-animation-stack\">\r\n            <div class=\"td-module-image\">\r\n                <div class=\"td-module-thumb\"><a href=\"https:\/\/dev.sogoodlanguages.com\/cs\/duha-a-jeji-barvicky\/\" rel=\"bookmark\" class=\"td-image-wrap\" title=\"Duha a jej\u00ed barvi\u010dky\"><img class=\"entry-thumb\" src=\"data:image\/png;base64,iVBORw0KGgoAAAANSUhEUgAAAUQAAACgAQMAAABOhoelAAAAA1BMVEWurq51dlI4AAAAAXRSTlMmkutdmwAAAB1JREFUWMPtwTEBAAAAwiD7p\/ZdCGAAAAAAAAAQBxpAAAH8le3bAAAAAElFTkSuQmCC\"alt=\"\" title=\"Duha a jej\u00ed barvi\u010dky\" data-type=\"image_tag\" data-img-url=\"https:\/\/dev.sogoodlanguages.com\/wp-content\/uploads\/2015\/07\/Duha-324x160.jpg\"  width=\"324\" height=\"160\" \/><\/a><\/div>                <a href=\"https:\/\/dev.sogoodlanguages.com\/cs\/category\/pro-deti\/\" class=\"td-post-category\">Pro d\u011bti<\/a>            <\/div>\r\n            <h3 class=\"entry-title td-module-title\"><a href=\"https:\/\/dev.sogoodlanguages.com\/cs\/duha-a-jeji-barvicky\/\" rel=\"bookmark\" title=\"Duha a jej\u00ed barvi\u010dky\">Duha a jej\u00ed barvi\u010dky<\/a><\/h3>\r\n\r\n            <div class=\"td-module-meta-info\">\r\n                <span class=\"td-post-author-name\"><a href=\"https:\/\/dev.sogoodlanguages.com\/cs\/author\/gabriela\/\">Gabriela Ka\u0161parov\u00e1<\/a> <span>-<\/span> <\/span>                <span class=\"td-post-date\"><time class=\"entry-date updated td-module-date\" datetime=\"2015-07-20T11:53:23+00:00\" >\u010cvc 20, 2015<\/time><\/span>                <div class=\"td-module-comments\"><a href=\"https:\/\/dev.sogoodlanguages.com\/cs\/duha-a-jeji-barvicky\/#respond\">0<\/a><\/div>            <\/div>\r\n\r\n\r\n            <div class=\"td-excerpt\">\r\n                Ka\u017ed\u00fd m\u00e1 r\u00e1d duhu a jej\u00ed barvi\u010dky. Steve n\u00e1s dnes pozval na svoji proch\u00e1zku pod duhou. Pod\u00edvejte se, co se s n\u00edm p\u0159i tom d\u011blo.            <\/div>\r\n\r\n            \r\n        <\/div>\r\n\r\n        \n\t<\/div> <!-- .\/td-block-span12 -->\n\n\t<div class=\"td-block-span12\">\n\r\n        <div class=\"td_module_2 td_module_wrap td-animation-stack\">\r\n            <div class=\"td-module-image\">\r\n                <div class=\"td-module-thumb\"><a href=\"https:\/\/dev.sogoodlanguages.com\/cs\/hazime-velkou-kostkou\/\" rel=\"bookmark\" class=\"td-image-wrap\" title=\"H\u00e1z\u00edme velkou kostkou\"><img class=\"entry-thumb\" src=\"data:image\/png;base64,iVBORw0KGgoAAAANSUhEUgAAAUQAAACgAQMAAABOhoelAAAAA1BMVEWurq51dlI4AAAAAXRSTlMmkutdmwAAAB1JREFUWMPtwTEBAAAAwiD7p\/ZdCGAAAAAAAAAQBxpAAAH8le3bAAAAAElFTkSuQmCC\"alt=\"\" title=\"H\u00e1z\u00edme velkou kostkou\" data-type=\"image_tag\" data-img-url=\"https:\/\/dev.sogoodlanguages.com\/wp-content\/uploads\/2015\/06\/H\u00e1z\u00edme-velkou-kostkou2-324x160.jpg\"  width=\"324\" height=\"160\" \/><\/a><\/div>                <a href=\"https:\/\/dev.sogoodlanguages.com\/cs\/category\/pro-deti\/\" class=\"td-post-category\">Pro d\u011bti<\/a>            <\/div>\r\n            <h3 class=\"entry-title td-module-title\"><a href=\"https:\/\/dev.sogoodlanguages.com\/cs\/hazime-velkou-kostkou\/\" rel=\"bookmark\" title=\"H\u00e1z\u00edme velkou kostkou\">H\u00e1z\u00edme velkou kostkou<\/a><\/h3>\r\n\r\n            <div class=\"td-module-meta-info\">\r\n                <span class=\"td-post-author-name\"><a href=\"https:\/\/dev.sogoodlanguages.com\/cs\/author\/gabriela\/\">Gabriela Ka\u0161parov\u00e1<\/a> <span>-<\/span> <\/span>                <span class=\"td-post-date\"><time class=\"entry-date updated td-module-date\" datetime=\"2015-06-01T14:38:14+00:00\" >\u010cvn 1, 2015<\/time><\/span>                <div class=\"td-module-comments\"><a href=\"https:\/\/dev.sogoodlanguages.com\/cs\/hazime-velkou-kostkou\/#respond\">0<\/a><\/div>            <\/div>\r\n\r\n\r\n            <div class=\"td-excerpt\">\r\n                M\u00e1me r\u00e1di hry a \u010dasto se n\u00e1m k tomu hod\u00ed kostka. Steve m\u00e1 jednu velikou a bude si te\u010f hr\u00e1t s Maggie. P\u0159idejte se s n\u00e1mi ke h\u0159e.            <\/div>\r\n\r\n            \r\n        <\/div>\r\n\r\n        \n\t<\/div> <!-- .\/td-block-span12 -->\n\n\t<div class=\"td-block-span12\">\n\r\n        <div class=\"td_module_2 td_module_wrap td-animation-stack\">\r\n            <div class=\"td-module-image\">\r\n                <div class=\"td-module-thumb\"><a href=\"https:\/\/dev.sogoodlanguages.com\/cs\/zacarovany-nabytek\/\" rel=\"bookmark\" class=\"td-image-wrap\" title=\"Za\u010darovan\u00fd n\u00e1bytek\"><img class=\"entry-thumb\" src=\"data:image\/png;base64,iVBORw0KGgoAAAANSUhEUgAAAUQAAACgAQMAAABOhoelAAAAA1BMVEWurq51dlI4AAAAAXRSTlMmkutdmwAAAB1JREFUWMPtwTEBAAAAwiD7p\/ZdCGAAAAAAAAAQBxpAAAH8le3bAAAAAElFTkSuQmCC\"alt=\"\" title=\"Za\u010darovan\u00fd n\u00e1bytek\" data-type=\"image_tag\" data-img-url=\"https:\/\/dev.sogoodlanguages.com\/wp-content\/uploads\/2015\/05\/Za\u010darovan\u00fd-n\u00e1bytek-324x160.jpg\"  width=\"324\" height=\"160\" \/><\/a><\/div>                <a href=\"https:\/\/dev.sogoodlanguages.com\/cs\/category\/pro-deti\/\" class=\"td-post-category\">Pro d\u011bti<\/a>            <\/div>\r\n            <h3 class=\"entry-title td-module-title\"><a href=\"https:\/\/dev.sogoodlanguages.com\/cs\/zacarovany-nabytek\/\" rel=\"bookmark\" title=\"Za\u010darovan\u00fd n\u00e1bytek\">Za\u010darovan\u00fd n\u00e1bytek<\/a><\/h3>\r\n\r\n            <div class=\"td-module-meta-info\">\r\n                <span class=\"td-post-author-name\"><a href=\"https:\/\/dev.sogoodlanguages.com\/cs\/author\/gabriela\/\">Gabriela Ka\u0161parov\u00e1<\/a> <span>-<\/span> <\/span>                <span class=\"td-post-date\"><time class=\"entry-date updated td-module-date\" datetime=\"2015-05-29T15:28:49+00:00\" >Kv\u011b 29, 2015<\/time><\/span>                <div class=\"td-module-comments\"><a href=\"https:\/\/dev.sogoodlanguages.com\/cs\/zacarovany-nabytek\/#respond\">0<\/a><\/div>            <\/div>\r\n\r\n\r\n            <div class=\"td-excerpt\">\r\n                Co se Stevovi d\u011bje? N\u00e1bytek v jeho dom\u011b je n\u011bjak\u00fd za\u010darovan\u00fd. Poj\u010fme se spole\u010dn\u011b pod\u00edvat, jak se to d\u011bje a spole\u010dn\u011b se p\u0159i tom u\u010dit nov\u00e1 slov\u00ed\u010dka.            <\/div>\r\n\r\n            \r\n        <\/div>\r\n\r\n        \n\t<\/div> <!-- .\/td-block-span12 -->\n\n\t<div class=\"td-block-span12\">\n\r\n        <div class=\"td_module_2 td_module_wrap td-animation-stack\">\r\n            <div class=\"td-module-image\">\r\n                <div class=\"td-module-thumb\"><a href=\"https:\/\/dev.sogoodlanguages.com\/cs\/stevovy-hracky\/\" rel=\"bookmark\" class=\"td-image-wrap\" title=\"Stevovy hra\u010dky\"><img class=\"entry-thumb\" src=\"data:image\/png;base64,iVBORw0KGgoAAAANSUhEUgAAAUQAAACgAQMAAABOhoelAAAAA1BMVEWurq51dlI4AAAAAXRSTlMmkutdmwAAAB1JREFUWMPtwTEBAAAAwiD7p\/ZdCGAAAAAAAAAQBxpAAAH8le3bAAAAAElFTkSuQmCC\"alt=\"\" title=\"Stevovy hra\u010dky\" data-type=\"image_tag\" data-img-url=\"https:\/\/dev.sogoodlanguages.com\/wp-content\/uploads\/2015\/05\/Toys-324x160.jpg\"  width=\"324\" height=\"160\" \/><\/a><\/div>                <a href=\"https:\/\/dev.sogoodlanguages.com\/cs\/category\/pro-deti\/\" class=\"td-post-category\">Pro d\u011bti<\/a>            <\/div>\r\n            <h3 class=\"entry-title td-module-title\"><a href=\"https:\/\/dev.sogoodlanguages.com\/cs\/stevovy-hracky\/\" rel=\"bookmark\" title=\"Stevovy hra\u010dky\">Stevovy hra\u010dky<\/a><\/h3>\r\n\r\n            <div class=\"td-module-meta-info\">\r\n                <span class=\"td-post-author-name\"><a href=\"https:\/\/dev.sogoodlanguages.com\/cs\/author\/gabriela\/\">Gabriela Ka\u0161parov\u00e1<\/a> <span>-<\/span> <\/span>                <span class=\"td-post-date\"><time class=\"entry-date updated td-module-date\" datetime=\"2015-05-06T09:02:02+00:00\" >Kv\u011b 6, 2015<\/time><\/span>                <div class=\"td-module-comments\"><a href=\"https:\/\/dev.sogoodlanguages.com\/cs\/stevovy-hracky\/#respond\">0<\/a><\/div>            <\/div>\r\n\r\n\r\n            <div class=\"td-excerpt\">\r\n                Poj\u010fme se pod\u00edvat za obl\u00edben\u00fdmi hra\u010dkami se Stevem. Uk\u00e1\u017ee n\u00e1m a je a hezky si p\u0159i tom spole\u010dn\u011b zazp\u00edv\u00e1me.            <\/div>\r\n\r\n            \r\n        <\/div>\r\n\r\n        \n\t<\/div> <!-- .\/td-block-span12 -->\n\n\t<div class=\"td-block-span12\">\n\r\n        <div class=\"td_module_2 td_module_wrap td-animation-stack\">\r\n            <div class=\"td-module-image\">\r\n                <div class=\"td-module-thumb\"><a href=\"https:\/\/dev.sogoodlanguages.com\/cs\/jdeme-do-lesa-na-piknik\/\" rel=\"bookmark\" class=\"td-image-wrap\" title=\"Jdeme do lesa na piknik\"><img class=\"entry-thumb\" src=\"data:image\/png;base64,iVBORw0KGgoAAAANSUhEUgAAAUQAAACgAQMAAABOhoelAAAAA1BMVEWurq51dlI4AAAAAXRSTlMmkutdmwAAAB1JREFUWMPtwTEBAAAAwiD7p\/ZdCGAAAAAAAAAQBxpAAAH8le3bAAAAAElFTkSuQmCC\"alt=\"\" title=\"Jdeme do lesa na piknik\" data-type=\"image_tag\" data-img-url=\"https:\/\/dev.sogoodlanguages.com\/wp-content\/uploads\/2015\/05\/V-lese-324x160.jpg\"  width=\"324\" height=\"160\" \/><\/a><\/div>                <a href=\"https:\/\/dev.sogoodlanguages.com\/cs\/category\/pro-deti\/\" class=\"td-post-category\">Pro d\u011bti<\/a>            <\/div>\r\n            <h3 class=\"entry-title td-module-title\"><a href=\"https:\/\/dev.sogoodlanguages.com\/cs\/jdeme-do-lesa-na-piknik\/\" rel=\"bookmark\" title=\"Jdeme do lesa na piknik\">Jdeme do lesa na piknik<\/a><\/h3>\r\n\r\n            <div class=\"td-module-meta-info\">\r\n                <span class=\"td-post-author-name\"><a href=\"https:\/\/dev.sogoodlanguages.com\/cs\/author\/gabriela\/\">Gabriela Ka\u0161parov\u00e1<\/a> <span>-<\/span> <\/span>                <span class=\"td-post-date\"><time class=\"entry-date updated td-module-date\" datetime=\"2015-05-04T14:50:07+00:00\" >Kv\u011b 4, 2015<\/time><\/span>                <div class=\"td-module-comments\"><a href=\"https:\/\/dev.sogoodlanguages.com\/cs\/jdeme-do-lesa-na-piknik\/#respond\">0<\/a><\/div>            <\/div>\r\n\r\n\r\n            <div class=\"td-excerpt\">\r\n                Dnes se Steve a jeho kamar\u00e1dka Maggie vydali na piknik do lesa. Les je pln\u00fd zv\u00ed\u0159\u00e1tek, kter\u00e1 jim ten piknik p\u011bkn\u011b zkomplikovala. V\u0161e se o tom dozv\u00edte na z\u00e1bavn\u00e9m videu.            <\/div>\r\n\r\n            \r\n        <\/div>\r\n\r\n        \n\t<\/div> <!-- .\/td-block-span12 -->\n\n\t<div class=\"td-block-span12\">\n\r\n        <div class=\"td_module_2 td_module_wrap td-animation-stack\">\r\n            <div class=\"td-module-image\">\r\n                <div class=\"td-module-thumb\"><a href=\"https:\/\/dev.sogoodlanguages.com\/cs\/hledame-cervenou-barvicku\/\" rel=\"bookmark\" class=\"td-image-wrap\" title=\"Hled\u00e1me \u010dervenou barvi\u010dku\"><img class=\"entry-thumb\" src=\"data:image\/png;base64,iVBORw0KGgoAAAANSUhEUgAAAUQAAACgAQMAAABOhoelAAAAA1BMVEWurq51dlI4AAAAAXRSTlMmkutdmwAAAB1JREFUWMPtwTEBAAAAwiD7p\/ZdCGAAAAAAAAAQBxpAAAH8le3bAAAAAElFTkSuQmCC\"alt=\"\" title=\"Hled\u00e1me \u010dervenou barvi\u010dku\" data-type=\"image_tag\" data-img-url=\"https:\/\/dev.sogoodlanguages.com\/wp-content\/uploads\/2015\/05\/Find-something-red-324x160.jpg\"  width=\"324\" height=\"160\" \/><\/a><\/div>                <a href=\"https:\/\/dev.sogoodlanguages.com\/cs\/category\/pro-deti\/\" class=\"td-post-category\">Pro d\u011bti<\/a>            <\/div>\r\n            <h3 class=\"entry-title td-module-title\"><a href=\"https:\/\/dev.sogoodlanguages.com\/cs\/hledame-cervenou-barvicku\/\" rel=\"bookmark\" title=\"Hled\u00e1me \u010dervenou barvi\u010dku\">Hled\u00e1me \u010dervenou barvi\u010dku<\/a><\/h3>\r\n\r\n            <div class=\"td-module-meta-info\">\r\n                <span class=\"td-post-author-name\"><a href=\"https:\/\/dev.sogoodlanguages.com\/cs\/author\/gabriela\/\">Gabriela Ka\u0161parov\u00e1<\/a> <span>-<\/span> <\/span>                <span class=\"td-post-date\"><time class=\"entry-date updated td-module-date\" datetime=\"2015-05-04T13:04:16+00:00\" >Kv\u011b 4, 2015<\/time><\/span>                <div class=\"td-module-comments\"><a href=\"https:\/\/dev.sogoodlanguages.com\/cs\/hledame-cervenou-barvicku\/#respond\">0<\/a><\/div>            <\/div>\r\n\r\n\r\n            <div class=\"td-excerpt\">\r\n                Barvi\u010dky ve Stevov\u011b pokoji se n\u011bkam zatoulaly a tak to musel rychle napravit Mysl\u00edte si, \u017ee bylo snadn\u00e9? Poj\u010fme se pod\u00edvat, jak se mu to poda\u0159ilo.            <\/div>\r\n\r\n            \r\n        <\/div>\r\n\r\n        \n\t<\/div> <!-- .\/td-block-span12 --><\/div><div class=\"td-load-more-wrap\"><a href=\"#\" class=\"td_ajax_load_more td_ajax_load_more_js\" id=\"next-page-td_uid_1_69f10e38e8a0a\" data-td_block_id=\"td_uid_1_69f10e38e8a0a\">Zobrazit v\u00edce<i class=\"td-icon-font td-icon-menu-down\"><\/i><\/a><\/div><\/div> <!-- .\/block -->[\/vc_column][vc_column width=&#8220;1\/3&#8243;][vc_widget_sidebar sidebar_id=&#8220;td-kids&#8220;][\/vc_column][\/vc_row]<\/p>\n<\/section>","protected":false},"excerpt":{"rendered":"<p>[vc_row][vc_column width=&#8220;2\/3&#8243;][\/vc_column][vc_column width=&#8220;1\/3&#8243;][vc_widget_sidebar sidebar_id=&#8220;td-kids&#8220;][\/vc_column][\/vc_row]<\/p>\n","protected":false},"author":1,"featured_media":0,"parent":0,"menu_order":0,"comment_status":"open","ping_status":"closed","template":"page-pagebuilder-title.php","meta":[],"yoast_head":"<!-- This site is optimized with the Yoast SEO plugin v20.10 - https:\/\/yoast.com\/wordpress\/plugins\/seo\/ -->\n<title>Pro d\u011bti - So Good Languages<\/title>\n<meta name=\"description\" content=\"Chcete pro d\u011bti to nejlep\u0161\u00ed? U\u010dte je angli\u010dtinu u\u017e od t\u0159\u00ed let! P\u0159e\u010dt\u011bte si \u010dl\u00e1nky a tipy jak u\u010dit d\u011bti anglicky na So Good Languages!\" \/>\n<meta name=\"robots\" content=\"index, follow, max-snippet:-1, max-image-preview:large, max-video-preview:-1\" \/>\n<link rel=\"canonical\" href=\"https:\/\/dev.sogoodlanguages.com\/cs\/pro-deti\/\" \/>\n<meta property=\"og:locale\" content=\"cs_CZ\" \/>\n<meta property=\"og:type\" content=\"article\" \/>\n<meta property=\"og:title\" content=\"Pro d\u011bti - So Good Languages\" \/>\n<meta property=\"og:description\" content=\"Chcete pro d\u011bti to nejlep\u0161\u00ed? U\u010dte je angli\u010dtinu u\u017e od t\u0159\u00ed let! P\u0159e\u010dt\u011bte si \u010dl\u00e1nky a tipy jak u\u010dit d\u011bti anglicky na So Good Languages!\" \/>\n<meta property=\"og:url\" content=\"https:\/\/dev.sogoodlanguages.com\/cs\/pro-deti\/\" \/>\n<meta property=\"og:site_name\" content=\"SoGood Languages\" \/>\n<meta property=\"article:publisher\" content=\"https:\/\/www.facebook.com\/SoGood-Languages-1434502526865341\" \/>\n<meta property=\"article:modified_time\" content=\"2016-03-14T19:28:19+00:00\" \/>\n<meta name=\"twitter:card\" content=\"summary_large_image\" \/>\n<script type=\"application\/ld+json\" class=\"yoast-schema-graph\">{\"@context\":\"https:\/\/schema.org\",\"@graph\":[{\"@type\":\"WebPage\",\"@id\":\"https:\/\/dev.sogoodlanguages.com\/cs\/pro-deti\/\",\"url\":\"https:\/\/dev.sogoodlanguages.com\/cs\/pro-deti\/\",\"name\":\"Pro d\u011bti - So Good Languages\",\"isPartOf\":{\"@id\":\"https:\/\/dev.sogoodlanguages.com\/cs\/#website\"},\"datePublished\":\"2015-04-20T08:36:27+00:00\",\"dateModified\":\"2016-03-14T19:28:19+00:00\",\"description\":\"Chcete pro d\u011bti to nejlep\u0161\u00ed? U\u010dte je angli\u010dtinu u\u017e od t\u0159\u00ed let! P\u0159e\u010dt\u011bte si \u010dl\u00e1nky a tipy jak u\u010dit d\u011bti anglicky na So Good Languages!\",\"breadcrumb\":{\"@id\":\"https:\/\/dev.sogoodlanguages.com\/cs\/pro-deti\/#breadcrumb\"},\"inLanguage\":\"cs\",\"potentialAction\":[{\"@type\":\"ReadAction\",\"target\":[\"https:\/\/dev.sogoodlanguages.com\/cs\/pro-deti\/\"]}]},{\"@type\":\"BreadcrumbList\",\"@id\":\"https:\/\/dev.sogoodlanguages.com\/cs\/pro-deti\/#breadcrumb\",\"itemListElement\":[{\"@type\":\"ListItem\",\"position\":1,\"name\":\"Dom\u016f\",\"item\":\"https:\/\/dev.sogoodlanguages.com\/cs\/\"},{\"@type\":\"ListItem\",\"position\":2,\"name\":\"Pro d\u011bti\"}]},{\"@type\":\"WebSite\",\"@id\":\"https:\/\/dev.sogoodlanguages.com\/cs\/#website\",\"url\":\"https:\/\/dev.sogoodlanguages.com\/cs\/\",\"name\":\"SoGood Languages\",\"description\":\"SoGood Languages\",\"potentialAction\":[{\"@type\":\"SearchAction\",\"target\":{\"@type\":\"EntryPoint\",\"urlTemplate\":\"https:\/\/dev.sogoodlanguages.com\/cs\/?s={search_term_string}\"},\"query-input\":\"required name=search_term_string\"}],\"inLanguage\":\"cs\"}]}<\/script>\n<!-- \/ Yoast SEO plugin. -->","yoast_head_json":{"title":"Pro d\u011bti - So Good Languages","description":"Chcete pro d\u011bti to nejlep\u0161\u00ed? U\u010dte je angli\u010dtinu u\u017e od t\u0159\u00ed let! P\u0159e\u010dt\u011bte si \u010dl\u00e1nky a tipy jak u\u010dit d\u011bti anglicky na So Good Languages!","robots":{"index":"index","follow":"follow","max-snippet":"max-snippet:-1","max-image-preview":"max-image-preview:large","max-video-preview":"max-video-preview:-1"},"canonical":"https:\/\/dev.sogoodlanguages.com\/cs\/pro-deti\/","og_locale":"cs_CZ","og_type":"article","og_title":"Pro d\u011bti - So Good Languages","og_description":"Chcete pro d\u011bti to nejlep\u0161\u00ed? U\u010dte je angli\u010dtinu u\u017e od t\u0159\u00ed let! P\u0159e\u010dt\u011bte si \u010dl\u00e1nky a tipy jak u\u010dit d\u011bti anglicky na So Good Languages!","og_url":"https:\/\/dev.sogoodlanguages.com\/cs\/pro-deti\/","og_site_name":"SoGood Languages","article_publisher":"https:\/\/www.facebook.com\/SoGood-Languages-1434502526865341","article_modified_time":"2016-03-14T19:28:19+00:00","twitter_card":"summary_large_image","schema":{"@context":"https:\/\/schema.org","@graph":[{"@type":"WebPage","@id":"https:\/\/dev.sogoodlanguages.com\/cs\/pro-deti\/","url":"https:\/\/dev.sogoodlanguages.com\/cs\/pro-deti\/","name":"Pro d\u011bti - So Good Languages","isPartOf":{"@id":"https:\/\/dev.sogoodlanguages.com\/cs\/#website"},"datePublished":"2015-04-20T08:36:27+00:00","dateModified":"2016-03-14T19:28:19+00:00","description":"Chcete pro d\u011bti to nejlep\u0161\u00ed? U\u010dte je angli\u010dtinu u\u017e od t\u0159\u00ed let! P\u0159e\u010dt\u011bte si \u010dl\u00e1nky a tipy jak u\u010dit d\u011bti anglicky na So Good Languages!","breadcrumb":{"@id":"https:\/\/dev.sogoodlanguages.com\/cs\/pro-deti\/#breadcrumb"},"inLanguage":"cs","potentialAction":[{"@type":"ReadAction","target":["https:\/\/dev.sogoodlanguages.com\/cs\/pro-deti\/"]}]},{"@type":"BreadcrumbList","@id":"https:\/\/dev.sogoodlanguages.com\/cs\/pro-deti\/#breadcrumb","itemListElement":[{"@type":"ListItem","position":1,"name":"Dom\u016f","item":"https:\/\/dev.sogoodlanguages.com\/cs\/"},{"@type":"ListItem","position":2,"name":"Pro d\u011bti"}]},{"@type":"WebSite","@id":"https:\/\/dev.sogoodlanguages.com\/cs\/#website","url":"https:\/\/dev.sogoodlanguages.com\/cs\/","name":"SoGood Languages","description":"SoGood Languages","potentialAction":[{"@type":"SearchAction","target":{"@type":"EntryPoint","urlTemplate":"https:\/\/dev.sogoodlanguages.com\/cs\/?s={search_term_string}"},"query-input":"required name=search_term_string"}],"inLanguage":"cs"}]}},"_links":{"self":[{"href":"https:\/\/dev.sogoodlanguages.com\/cs\/wp-json\/wp\/v2\/pages\/1082"}],"collection":[{"href":"https:\/\/dev.sogoodlanguages.com\/cs\/wp-json\/wp\/v2\/pages"}],"about":[{"href":"https:\/\/dev.sogoodlanguages.com\/cs\/wp-json\/wp\/v2\/types\/page"}],"author":[{"embeddable":true,"href":"https:\/\/dev.sogoodlanguages.com\/cs\/wp-json\/wp\/v2\/users\/1"}],"replies":[{"embeddable":true,"href":"https:\/\/dev.sogoodlanguages.com\/cs\/wp-json\/wp\/v2\/comments?post=1082"}],"version-history":[{"count":17,"href":"https:\/\/dev.sogoodlanguages.com\/cs\/wp-json\/wp\/v2\/pages\/1082\/revisions"}],"predecessor-version":[{"id":59024,"href":"https:\/\/dev.sogoodlanguages.com\/cs\/wp-json\/wp\/v2\/pages\/1082\/revisions\/59024"}],"wp:attachment":[{"href":"https:\/\/dev.sogoodlanguages.com\/cs\/wp-json\/wp\/v2\/media?parent=1082"}],"curies":[{"name":"wp","href":"https:\/\/api.w.org\/{rel}","templated":true}]}}