{"id":80596,"date":"2016-05-13T09:49:21","date_gmt":"2016-05-13T07:49:21","guid":{"rendered":"https:\/\/dev.sogoodlanguages.com\/dup-e-shop-anglictina\/"},"modified":"2019-07-16T15:25:35","modified_gmt":"2019-07-16T13:25:35","slug":"e-shop-nemcina","status":"publish","type":"page","link":"https:\/\/dev.sogoodlanguages.com\/cs\/e-shop-nemcina\/","title":{"rendered":"E-shop &#8211; N\u011bm\u010dina"},"content":{"rendered":"<section class=\"wpb-content-wrapper\"><p>[vc_row full_width=&#8220;stretch_row&#8220; css=&#8220;.vc_custom_1508792812328{padding-top: 30px !important;padding-bottom: 4em !important;}&#8220; el_id=&#8220;buy&#8220;][vc_column width=&#8220;5\/12&#8243;][vc_column_text]<\/p>\n<h1 style=\"text-align: left; font-size: 48px; line-height: 1.3;\">Online kurzy n\u011bm\u010diny pro samouky<\/h1>\n[\/vc_column_text][vc_column_text]<\/p>\n<p style=\"text-align: left;\"><span style=\"font-size: 18px;\">Kurzy n\u011bm\u010diny pro <strong>za\u010d\u00e1te\u010dn\u00edky a\u00a0<\/strong><strong>pokro\u010dil\u00e9<\/strong>, profesn\u00ed specializace a e-learningov\u00e9 studium pro d\u011bti a \u0161kol\u00e1ky<\/span><\/p>\n[\/vc_column_text][vc_btn title=&#8220;Vybrat z kurz\u016f n\u011bm\u010diny&#8220; style=&#8220;custom&#8220; custom_background=&#8220;#78a0bc&#8220; custom_text=&#8220;#ffffff&#8220; shape=&#8220;round&#8220; size=&#8220;lg&#8220; align=&#8220;left&#8220; i_align=&#8220;right&#8220; i_icon_fontawesome=&#8220;fa fa-angle-down&#8220; add_icon=&#8220;true&#8220; link=&#8220;url:%23scrollto||&#8220; el_class=&#8220;js-anchor&#8220;][\/vc_column][vc_column width=&#8220;5\/12&#8243; offset=&#8220;vc_col-lg-offset-2&#8243;][vc_text_separator title=&#8220;Nab\u00eddka jazykov\u00fdch kurz\u016f&#8220; css=&#8220;.vc_custom_1508792243956{padding-top: 0.5em !important;padding-bottom: 1.5em !important;}&#8220;][vc_row_inner][vc_column_inner width=&#8220;1\/2&#8243;][vc_column_text]<\/p>\n<p style=\"text-align: center;\"><a href=\"https:\/\/dev.sogoodlanguages.com\/cs\/anglictina\/e-shop\/\"><img decoding=\"async\" loading=\"lazy\" class=\"size-full wp-image-80299 aligncenter\" src=\"https:\/\/dev.sogoodlanguages.com\/wp-content\/uploads\/2017\/09\/en.png\" alt=\"\" width=\"53\" height=\"53\" \/>Kurzy angli\u010dtiny<\/a><\/p>\n[\/vc_column_text][\/vc_column_inner][vc_column_inner width=&#8220;1\/2&#8243;][vc_column_text]<\/p>\n<p style=\"text-align: center;\"><a class=\"js-anchor\" href=\"#scrollto\"><img decoding=\"async\" loading=\"lazy\" class=\"aligncenter size-full wp-image-80294\" src=\"https:\/\/dev.sogoodlanguages.com\/wp-content\/uploads\/2017\/09\/de.png\" alt=\"\" width=\"53\" height=\"53\" \/>Kurzy n\u011bm\u010diny<\/a><\/p>\n[\/vc_column_text][\/vc_column_inner][\/vc_row_inner][vc_row_inner][vc_column_inner width=&#8220;1\/2&#8243;][vc_column_text]<\/p>\n<p style=\"text-align: center;\"><a href=\"https:\/\/dev.sogoodlanguages.com\/cs\/francouzstina\/e-shop-francouzstina\/\"><img decoding=\"async\" loading=\"lazy\" class=\"aligncenter size-full wp-image-80284\" src=\"https:\/\/dev.sogoodlanguages.com\/wp-content\/uploads\/2017\/09\/fr.png\" alt=\"\" width=\"53\" height=\"53\" \/>Kurzy francouz\u0161tiny<\/a><\/p>\n[\/vc_column_text][\/vc_column_inner][vc_column_inner width=&#8220;1\/2&#8243;][vc_column_text]<\/p>\n<p style=\"text-align: center;\"><a href=\"https:\/\/dev.sogoodlanguages.com\/cs\/spanelstina\/e-shop-spanelstina\/\"><img decoding=\"async\" loading=\"lazy\" class=\"aligncenter size-full wp-image-80289\" src=\"https:\/\/dev.sogoodlanguages.com\/wp-content\/uploads\/2017\/09\/es.png\" alt=\"\" width=\"53\" height=\"53\" \/>Kurzy \u0161pan\u011bl\u0161tiny<\/a><\/p>\n[\/vc_column_text][\/vc_column_inner][\/vc_row_inner][\/vc_column][\/vc_row][vc_row full_width=&#8220;stretch_row&#8220; parallax=&#8220;content-moving&#8220; parallax_image=&#8220;80605&#8243; css=&#8220;.vc_custom_1508789977628{border-bottom-width: 3em !important;padding-top: 5em !important;}&#8220;][vc_column][vc_empty_space height=&#8220;1.5em&#8220;][vc_single_image image=&#8220;22373&#8243; img_size=&#8220;medium&#8220;][vc_empty_space height=&#8220;2.5em&#8220;][\/vc_column][\/vc_row][vc_row el_id=&#8220;scrollto&#8220; css=&#8220;.vc_custom_1479805470291{padding-top: 4em !important;}&#8220;][vc_column css=&#8220;.vc_custom_1463149399531{padding-top: 4em !important;}&#8220;][vc_row_inner css=&#8220;.vc_custom_1479805500121{margin-top: 3em !important;}&#8220;][vc_column_inner width=&#8220;1\/3&#8243;][vc_column_text]<\/p>\n<h2 style=\"text-align: left;\">Kurzy n\u011bm\u010diny pro za\u010d\u00e1te\u010dn\u00edky<\/h2>\n<p style=\"text-align: left;\">Za\u010dn\u011bte od z\u00e1klad\u016f, pokra\u010dujte a u\u017e nep\u0159esta\u0148te. Povedeme v\u00e1s n\u011bm\u010dinou nenucen\u011b a efektivn\u011b. Ji\u017e brzy porozum\u00edte b\u011b\u017en\u00fdm v\u00fdraz\u016fm a fr\u00e1z\u00edm.<\/p>\n[\/vc_column_text][\/vc_column_inner][vc_column_inner width=&#8220;2\/3&#8243;]<div class=\"woocommerce columns-3 \"><\/div>[\/vc_column_inner][\/vc_row_inner][\/vc_column][\/vc_row][vc_row][vc_column][vc_separator css=&#8220;.vc_custom_1463140591827{padding-top: 2em !important;padding-bottom: 4em !important;}&#8220;][vc_row_inner][vc_column_inner width=&#8220;1\/3&#8243;][vc_column_text]<\/p>\n<h2 style=\"text-align: left;\">Kurzy n\u011bm\u010diny pro\u00a0znal\u00e9 za\u010d\u00e1te\u010dn\u00edky<\/h2>\n<p style=\"text-align: left;\">Je\u0161t\u011b se nec\u00edt\u00edte na pokro\u010dilou \u00farove\u0148 ale znova na start se v\u00e1m u\u017e taky nechce? Vyzkou\u0161ejte kurz pro znal\u00e9 za\u010d\u00e1te\u010dn\u00edky. Dostaneme v\u00e1s mezi m\u00edrn\u011b pokro\u010dil\u00e9.<\/p>\n[\/vc_column_text][\/vc_column_inner][vc_column_inner width=&#8220;2\/3&#8243;]<div class=\"woocommerce columns-3 \"><\/div>[\/vc_column_inner][\/vc_row_inner][\/vc_column][\/vc_row][vc_row][vc_column][vc_separator css=&#8220;.vc_custom_1463140591827{padding-top: 2em !important;padding-bottom: 4em !important;}&#8220;][vc_row_inner][vc_column_inner width=&#8220;1\/3&#8243;][vc_column_text]<\/p>\n<h2 style=\"text-align: left;\">Kurzy n\u011bm\u010diny pro m\u00edrn\u011b\u00a0pokro\u010dil\u00e9<\/h2>\n<p style=\"text-align: left;\">Ji\u017e se z\u00e1kladn\u00ed komunikac\u00ed dorozum\u00edte, ale nec\u00edt\u00edte se komfortn\u011b a uvoln\u011bn\u011b? Kurz n\u011bm\u010diny pro m\u00edrn\u011b pokro\u010dil\u00e9 bude pro v\u00e1s ten prav\u00fd.<\/p>\n[\/vc_column_text][\/vc_column_inner][vc_column_inner width=&#8220;2\/3&#8243;]<div class=\"woocommerce columns-3 \"><\/div>[\/vc_column_inner][\/vc_row_inner][\/vc_column][\/vc_row][vc_row][vc_column][vc_separator css=&#8220;.vc_custom_1463140591827{padding-top: 2em !important;padding-bottom: 4em !important;}&#8220;][vc_row_inner][vc_column_inner width=&#8220;1\/3&#8243;][vc_column_text]<\/p>\n<h2 style=\"text-align: left;\">Kurzy n\u011bm\u010diny pro pokro\u010dil\u00e9<\/h2>\n<p style=\"text-align: left;\">Rozum\u00edte text\u016fm s b\u011b\u017enou slovn\u00ed z\u00e1sobou, ale chcete rozum\u011bt film\u016fm, sledovat del\u0161\u00ed p\u0159edn\u00e1\u0161ku a dorozum\u011bt se plynule a spont\u00e1nn\u011b s rodil\u00fdmi mluv\u010d\u00edmi? Kurzy pro pokro\u010dil\u00e9 jsou pr\u00e1v\u011b pro v\u00e1s.<\/p>\n[\/vc_column_text][\/vc_column_inner][vc_column_inner width=&#8220;2\/3&#8243;]<div class=\"woocommerce columns-3 \"><\/div>[\/vc_column_inner][\/vc_row_inner][\/vc_column][\/vc_row][vc_row full_width=&#8220;stretch_row&#8220; content_placement=&#8220;middle&#8220; css=&#8220;.vc_custom_1479805724074{margin-bottom: 2em !important;padding-top: 4em !important;padding-bottom: 1em !important;background-color: #78a0bc !important;background-position: center !important;background-repeat: no-repeat !important;background-size: cover !important;}&#8220; el_id=&#8220;try&#8220;][vc_column width=&#8220;2\/3&#8243; offset=&#8220;vc_col-md-offset-2&#8243;][vc_column_text]<\/p>\n<h2 style=\"text-align: center; color: #fff;\">Nev\u00edte jak v\u00fduka prob\u00edh\u00e1? Vyzkou\u0161ejte uk\u00e1zku <strong>ZDARMA<\/strong>!<\/h2>\n[\/vc_column_text][vc_column_text][\/vc_column_text][\/vc_column][\/vc_row][vc_row css=&#8220;.vc_custom_1463150568498{padding-top: 4em !important;}&#8220;][vc_column][vc_row_inner][vc_column_inner width=&#8220;1\/3&#8243;][vc_column_text]<\/p>\n<h2 style=\"text-align: left;\">Kurzy profesn\u00ed n\u011bm\u010diny<\/h2>\n<p style=\"text-align: left;\">M\u00e1te z\u00e1klady obecn\u00e9ho jazyka a pot\u0159ebujete n\u011bm\u010dinu pro svou pr\u00e1ci? Profesn\u00ed kurzy jsou to, co hled\u00e1te.<\/p>\n[\/vc_column_text][\/vc_column_inner][vc_column_inner width=&#8220;2\/3&#8243;]<div class=\"woocommerce columns-3 \"><\/div>[\/vc_column_inner][\/vc_row_inner][vc_separator css=&#8220;.vc_custom_1463140591827{padding-top: 2em !important;padding-bottom: 4em !important;}&#8220;][\/vc_column][\/vc_row][vc_row css=&#8220;.vc_custom_1463150568498{padding-top: 4em !important;}&#8220;][vc_column][vc_row_inner][vc_column_inner width=&#8220;1\/3&#8243;][vc_column_text]<\/p>\n<h2 style=\"text-align: left;\">Slov\u00ed\u010dkov\u00e9 kurzy<\/h2>\n<p style=\"text-align: left;\">Procvi\u010dte a prohlubte svoji slovn\u00ed z\u00e1sobu. Slov\u00ed\u010dkov\u00e9 kurzy slou\u017e\u00ed k roz\u0161\u00ed\u0159en\u00ed Va\u0161\u00ed slovn\u00ed z\u00e1soby jak z obecn\u00e9 n\u011bm\u010diny, tak z r\u016fzn\u00fdch obor\u016f a specializac\u00ed. Jsou vhodn\u00fdm dopl\u0148kem k obecn\u00fdm a profesn\u00edm kurz\u016fm.<\/p>\n[\/vc_column_text][\/vc_column_inner][vc_column_inner width=&#8220;2\/3&#8243;]<div class=\"woocommerce columns-3 \"><ul class=\"products columns-3\">\n<li class=\"product type-product post-79766 status-publish first instock product_cat-nemcina product_cat-slovickove-kurzy-nemciny product_tag-slovickove-kurzy has-post-thumbnail sold-individually taxable shipping-taxable product-type-external\">\n\t<a href=\"https:\/\/dev.sogoodlanguages.com\/cs\/obchod\/nemecka-slovicka-pro-a2-2\/\" class=\"button\">Zjistit v\u00edce<\/a><\/li>\n<\/ul>\n<\/div>[\/vc_column_inner][\/vc_row_inner][\/vc_column][\/vc_row][vc_row full_width=&#8220;stretch_row&#8220; css=&#8220;.vc_custom_1479809961741{margin-top: 2em !important;padding-top: 4em !important;padding-bottom: 2em !important;background-color: #78a0bc !important;}&#8220;][vc_column][vc_column_text]<\/p>\n<h2 style=\"text-align: center; color: #ffffff;\">Vybralo si n\u00e1s u\u017e 37 940 spokojen\u00fdch student\u016f.<\/h2>\n[\/vc_column_text][vc_btn title=&#8220;CHCI SI VYBRAT KURZ&#8220; style=&#8220;custom&#8220; custom_background=&#8220;#ffffff&#8220; custom_text=&#8220;#666666&#8243; size=&#8220;lg&#8220; align=&#8220;center&#8220; link=&#8220;url:%23buy||&#8220; el_class=&#8220;js-anchor&#8220;][\/vc_column][\/vc_row][vc_row full_width=&#8220;stretch_row&#8220; css=&#8220;.vc_custom_1463318287242{padding-top: 5em !important;padding-bottom: 1.5em !important;}&#8220;][vc_column width=&#8220;1\/3&#8243;][vc_icon type=&#8220;linecons&#8220; icon_linecons=&#8220;vc_li vc_li-bubble&#8220; color=&#8220;custom&#8220; background_style=&#8220;rounded-outline&#8220; background_color=&#8220;white&#8220; size=&#8220;lg&#8220; align=&#8220;center&#8220; custom_color=&#8220;#78a0bc&#8220;][vc_column_text]<\/p>\n<h2 style=\"text-align: center;\">Pot\u0159ebujete pomoci?<\/h2>\n[\/vc_column_text][vc_column_text]<\/p>\n<p style=\"text-align: center;\">Nev\u00e1hejte n\u00e1s kontaktovat. Zavolejte n\u00e1m <strong>734 577 566<\/strong> nebo n\u00e1m napi\u0161te na <a href=\"mailto:info@sogoodlanguages.com\">info@sogoodlanguages.com<\/a>. R\u00e1di V\u00e1m s \u010d\u00edmkoliv pom\u016f\u017eeme.<\/p>\n[\/vc_column_text][\/vc_column][vc_column width=&#8220;1\/3&#8243;][vc_icon type=&#8220;linecons&#8220; icon_linecons=&#8220;vc_li vc_li-lock&#8220; color=&#8220;custom&#8220; background_style=&#8220;rounded-outline&#8220; background_color=&#8220;white&#8220; size=&#8220;lg&#8220; align=&#8220;center&#8220; custom_color=&#8220;#78a0bc&#8220;][vc_column_text]<\/p>\n<h2 style=\"text-align: center;\">Nic neriskujete. Za kvalitou si stoj\u00edme<\/h2>\n[\/vc_column_text][vc_column_text]<\/p>\n<p style=\"text-align: center;\">Pokud b\u011bhem 14 dn\u00ed zjist\u00edte, \u017ee V\u00e1m kurz nevyhovuje, nebo jste si spletli \u00farove\u0148, <strong>vr\u00e1t\u00edme V\u00e1m pen\u00edze<\/strong>. Bez \u0159e\u010d\u00ed a bez ot\u00e1zek.\u201d<\/p>\n[\/vc_column_text][\/vc_column][vc_column width=&#8220;1\/3&#8243;][vc_icon type=&#8220;linecons&#8220; color=&#8220;custom&#8220; background_style=&#8220;rounded-outline&#8220; background_color=&#8220;white&#8220; size=&#8220;lg&#8220; align=&#8220;center&#8220; custom_color=&#8220;#78a0bc&#8220;][vc_column_text]<\/p>\n<h2 style=\"text-align: center;\">Nejl\u00e9pe hodnocen\u00fd jazykov\u00fd e-learning v \u010cR<\/h2>\n[\/vc_column_text][vc_column_text]<\/p>\n<p style=\"text-align: center;\">Na\u0161e kurzy aktivn\u011b vyu\u017e\u00edvaj\u00ed <strong>tis\u00edce student\u016f<\/strong>, za\u0159a\u010fte se mezi n\u011b a nau\u010dte se jazyk jednou prov\u017edy.<\/p>\n[\/vc_column_text][\/vc_column][\/vc_row][vc_row full_width=&#8220;stretch_row&#8220; css=&#8220;.vc_custom_1463318330064{padding-top: 22px !important;padding-bottom: 22px !important;}&#8220;][vc_column][vc_separator css=&#8220;.vc_custom_1459948827520{padding-top: 10px !important;padding-bottom: 10px !important;}&#8220;][\/vc_column][\/vc_row][vc_row][vc_column width=&#8220;1\/2&#8243; offset=&#8220;vc_col-lg-offset-3&#8243;][vc_column_text]<\/p>\n<p style=\"line-height: 1.5; text-align: center;\">Vytvo\u0159eno ve spolupr\u00e1ci s ONLINE learning s.r.o. |\u00a0<strong><a href=\"https:\/\/www.onlinejazyky.cz\" target=\"_blank\" rel=\"noopener noreferrer\">www.onlinejazyky.cz<\/a><\/strong>, <strong><a href=\"https:\/\/www.wattsenglish.com\" target=\"_blank\" rel=\"noopener noreferrer\">WATTSENGLISH LTD.<\/a><\/strong> a dal\u0161\u00edmi partnery.<\/p>\n[\/vc_column_text][\/vc_column][\/vc_row]<\/p>\n<\/section>","protected":false},"excerpt":{"rendered":"<p>[vc_row full_width=&#8220;stretch_row&#8220; css=&#8220;.vc_custom_1508792812328{padding-top: 30px !important;padding-bottom: 4em !important;}&#8220; el_id=&#8220;buy&#8220;][vc_column width=&#8220;5\/12&#8243;][vc_column_text] Online kurzy n\u011bm\u010diny pro samouky [\/vc_column_text][vc_column_text] Kurzy n\u011bm\u010diny pro za\u010d\u00e1te\u010dn\u00edky a\u00a0pokro\u010dil\u00e9, profesn\u00ed specializace a e-learningov\u00e9 studium pro d\u011bti a \u0161kol\u00e1ky [\/vc_column_text][vc_btn title=&#8220;Vybrat z kurz\u016f n\u011bm\u010diny&#8220; style=&#8220;custom&#8220; custom_background=&#8220;#78a0bc&#8220; custom_text=&#8220;#ffffff&#8220; shape=&#8220;round&#8220; size=&#8220;lg&#8220; align=&#8220;left&#8220; i_align=&#8220;right&#8220; i_icon_fontawesome=&#8220;fa fa-angle-down&#8220; add_icon=&#8220;true&#8220; link=&#8220;url:%23scrollto||&#8220; el_class=&#8220;js-anchor&#8220;][\/vc_column][vc_column width=&#8220;5\/12&#8243; offset=&#8220;vc_col-lg-offset-2&#8243;][vc_text_separator title=&#8220;Nab\u00eddka jazykov\u00fdch kurz\u016f&#8220; css=&#8220;.vc_custom_1508792243956{padding-top: 0.5em !important;padding-bottom: 1.5em [&hellip;]<\/p>\n","protected":false},"author":6,"featured_media":0,"parent":0,"menu_order":0,"comment_status":"closed","ping_status":"closed","template":"","meta":[],"yoast_head":"<!-- This site is optimized with the Yoast SEO plugin v20.10 - https:\/\/yoast.com\/wordpress\/plugins\/seo\/ -->\n<title>E-shop n\u011bm\u010dina online - (SoGood Languages.com)<\/title>\n<meta name=\"description\" content=\"N\u011bm\u010dina online - nejobl\u00edben\u011bj\u0161\u00ed kurzy n\u011bm\u010diny na \u010desk\u00e9m internetu. V\u00edce ne\u017e 40 tis. student\u016f v \u010cR. Za\u010dn\u011bte studovat zdarma a hned.\" \/>\n<meta name=\"robots\" content=\"index, follow, max-snippet:-1, max-image-preview:large, max-video-preview:-1\" \/>\n<link rel=\"canonical\" href=\"https:\/\/dev.sogoodlanguages.com\/cs\/e-shop-nemcina\/\" \/>\n<meta property=\"og:locale\" content=\"cs_CZ\" \/>\n<meta property=\"og:type\" content=\"article\" \/>\n<meta property=\"og:title\" content=\"E-shop n\u011bm\u010dina online - (SoGood Languages.com)\" \/>\n<meta property=\"og:description\" content=\"N\u011bm\u010dina online - nejobl\u00edben\u011bj\u0161\u00ed kurzy n\u011bm\u010diny na \u010desk\u00e9m internetu. V\u00edce ne\u017e 40 tis. student\u016f v \u010cR. Za\u010dn\u011bte studovat zdarma a hned.\" \/>\n<meta property=\"og:url\" content=\"https:\/\/dev.sogoodlanguages.com\/cs\/e-shop-nemcina\/\" \/>\n<meta property=\"og:site_name\" content=\"SoGood Languages\" \/>\n<meta property=\"article:publisher\" content=\"https:\/\/www.facebook.com\/SoGood-Languages-1434502526865341\" \/>\n<meta property=\"article:modified_time\" content=\"2019-07-16T13:25:35+00:00\" \/>\n<meta property=\"og:image\" content=\"https:\/\/dev.sogoodlanguages.com\/wp-content\/uploads\/2017\/09\/en.png\" \/>\n<meta name=\"twitter:card\" content=\"summary_large_image\" \/>\n<meta name=\"twitter:label1\" content=\"Odhadovan\u00e1 doba \u010dten\u00ed\" \/>\n\t<meta name=\"twitter:data1\" content=\"7 minut\" \/>\n<script type=\"application\/ld+json\" class=\"yoast-schema-graph\">{\"@context\":\"https:\/\/schema.org\",\"@graph\":[{\"@type\":\"WebPage\",\"@id\":\"https:\/\/dev.sogoodlanguages.com\/cs\/e-shop-nemcina\/\",\"url\":\"https:\/\/dev.sogoodlanguages.com\/cs\/e-shop-nemcina\/\",\"name\":\"E-shop n\u011bm\u010dina online - (SoGood Languages.com)\",\"isPartOf\":{\"@id\":\"https:\/\/dev.sogoodlanguages.com\/cs\/#website\"},\"datePublished\":\"2016-05-13T07:49:21+00:00\",\"dateModified\":\"2019-07-16T13:25:35+00:00\",\"description\":\"N\u011bm\u010dina online - nejobl\u00edben\u011bj\u0161\u00ed kurzy n\u011bm\u010diny na \u010desk\u00e9m internetu. V\u00edce ne\u017e 40 tis. student\u016f v \u010cR. Za\u010dn\u011bte studovat zdarma a hned.\",\"breadcrumb\":{\"@id\":\"https:\/\/dev.sogoodlanguages.com\/cs\/e-shop-nemcina\/#breadcrumb\"},\"inLanguage\":\"cs\",\"potentialAction\":[{\"@type\":\"ReadAction\",\"target\":[\"https:\/\/dev.sogoodlanguages.com\/cs\/e-shop-nemcina\/\"]}]},{\"@type\":\"BreadcrumbList\",\"@id\":\"https:\/\/dev.sogoodlanguages.com\/cs\/e-shop-nemcina\/#breadcrumb\",\"itemListElement\":[{\"@type\":\"ListItem\",\"position\":1,\"name\":\"Dom\u016f\",\"item\":\"https:\/\/dev.sogoodlanguages.com\/cs\/\"},{\"@type\":\"ListItem\",\"position\":2,\"name\":\"E-shop &#8211; N\u011bm\u010dina\"}]},{\"@type\":\"WebSite\",\"@id\":\"https:\/\/dev.sogoodlanguages.com\/cs\/#website\",\"url\":\"https:\/\/dev.sogoodlanguages.com\/cs\/\",\"name\":\"SoGood Languages\",\"description\":\"SoGood Languages\",\"potentialAction\":[{\"@type\":\"SearchAction\",\"target\":{\"@type\":\"EntryPoint\",\"urlTemplate\":\"https:\/\/dev.sogoodlanguages.com\/cs\/?s={search_term_string}\"},\"query-input\":\"required name=search_term_string\"}],\"inLanguage\":\"cs\"}]}<\/script>\n<!-- \/ Yoast SEO plugin. -->","yoast_head_json":{"title":"E-shop n\u011bm\u010dina online - (SoGood Languages.com)","description":"N\u011bm\u010dina online - nejobl\u00edben\u011bj\u0161\u00ed kurzy n\u011bm\u010diny na \u010desk\u00e9m internetu. V\u00edce ne\u017e 40 tis. student\u016f v \u010cR. Za\u010dn\u011bte studovat zdarma a hned.","robots":{"index":"index","follow":"follow","max-snippet":"max-snippet:-1","max-image-preview":"max-image-preview:large","max-video-preview":"max-video-preview:-1"},"canonical":"https:\/\/dev.sogoodlanguages.com\/cs\/e-shop-nemcina\/","og_locale":"cs_CZ","og_type":"article","og_title":"E-shop n\u011bm\u010dina online - (SoGood Languages.com)","og_description":"N\u011bm\u010dina online - nejobl\u00edben\u011bj\u0161\u00ed kurzy n\u011bm\u010diny na \u010desk\u00e9m internetu. V\u00edce ne\u017e 40 tis. student\u016f v \u010cR. Za\u010dn\u011bte studovat zdarma a hned.","og_url":"https:\/\/dev.sogoodlanguages.com\/cs\/e-shop-nemcina\/","og_site_name":"SoGood Languages","article_publisher":"https:\/\/www.facebook.com\/SoGood-Languages-1434502526865341","article_modified_time":"2019-07-16T13:25:35+00:00","og_image":[{"url":"https:\/\/dev.sogoodlanguages.com\/wp-content\/uploads\/2017\/09\/en.png"}],"twitter_card":"summary_large_image","twitter_misc":{"Odhadovan\u00e1 doba \u010dten\u00ed":"7 minut"},"schema":{"@context":"https:\/\/schema.org","@graph":[{"@type":"WebPage","@id":"https:\/\/dev.sogoodlanguages.com\/cs\/e-shop-nemcina\/","url":"https:\/\/dev.sogoodlanguages.com\/cs\/e-shop-nemcina\/","name":"E-shop n\u011bm\u010dina online - (SoGood Languages.com)","isPartOf":{"@id":"https:\/\/dev.sogoodlanguages.com\/cs\/#website"},"datePublished":"2016-05-13T07:49:21+00:00","dateModified":"2019-07-16T13:25:35+00:00","description":"N\u011bm\u010dina online - nejobl\u00edben\u011bj\u0161\u00ed kurzy n\u011bm\u010diny na \u010desk\u00e9m internetu. V\u00edce ne\u017e 40 tis. student\u016f v \u010cR. Za\u010dn\u011bte studovat zdarma a hned.","breadcrumb":{"@id":"https:\/\/dev.sogoodlanguages.com\/cs\/e-shop-nemcina\/#breadcrumb"},"inLanguage":"cs","potentialAction":[{"@type":"ReadAction","target":["https:\/\/dev.sogoodlanguages.com\/cs\/e-shop-nemcina\/"]}]},{"@type":"BreadcrumbList","@id":"https:\/\/dev.sogoodlanguages.com\/cs\/e-shop-nemcina\/#breadcrumb","itemListElement":[{"@type":"ListItem","position":1,"name":"Dom\u016f","item":"https:\/\/dev.sogoodlanguages.com\/cs\/"},{"@type":"ListItem","position":2,"name":"E-shop &#8211; N\u011bm\u010dina"}]},{"@type":"WebSite","@id":"https:\/\/dev.sogoodlanguages.com\/cs\/#website","url":"https:\/\/dev.sogoodlanguages.com\/cs\/","name":"SoGood Languages","description":"SoGood Languages","potentialAction":[{"@type":"SearchAction","target":{"@type":"EntryPoint","urlTemplate":"https:\/\/dev.sogoodlanguages.com\/cs\/?s={search_term_string}"},"query-input":"required name=search_term_string"}],"inLanguage":"cs"}]}},"_links":{"self":[{"href":"https:\/\/dev.sogoodlanguages.com\/cs\/wp-json\/wp\/v2\/pages\/80596"}],"collection":[{"href":"https:\/\/dev.sogoodlanguages.com\/cs\/wp-json\/wp\/v2\/pages"}],"about":[{"href":"https:\/\/dev.sogoodlanguages.com\/cs\/wp-json\/wp\/v2\/types\/page"}],"author":[{"embeddable":true,"href":"https:\/\/dev.sogoodlanguages.com\/cs\/wp-json\/wp\/v2\/users\/6"}],"replies":[{"embeddable":true,"href":"https:\/\/dev.sogoodlanguages.com\/cs\/wp-json\/wp\/v2\/comments?post=80596"}],"version-history":[{"count":17,"href":"https:\/\/dev.sogoodlanguages.com\/cs\/wp-json\/wp\/v2\/pages\/80596\/revisions"}],"predecessor-version":[{"id":86628,"href":"https:\/\/dev.sogoodlanguages.com\/cs\/wp-json\/wp\/v2\/pages\/80596\/revisions\/86628"}],"wp:attachment":[{"href":"https:\/\/dev.sogoodlanguages.com\/cs\/wp-json\/wp\/v2\/media?parent=80596"}],"curies":[{"name":"wp","href":"https:\/\/api.w.org\/{rel}","templated":true}]}}