{"id":84858,"date":"2019-01-10T19:57:32","date_gmt":"2019-01-10T18:57:32","guid":{"rendered":"https:\/\/dev.sogoodlanguages.com\/dup-predplatne-2019-anglictina-pokladna\/"},"modified":"2019-01-15T06:00:08","modified_gmt":"2019-01-15T05:00:08","slug":"anglictina-konverzacni-klub-mesicni-predplatne-pokladna","status":"publish","type":"page","link":"https:\/\/dev.sogoodlanguages.com\/cs\/anglictina-konverzacni-klub-mesicni-predplatne-pokladna\/","title":{"rendered":"P\u0159edsevzet\u00ed 2019 ::: Angli\u010dtina + konverza\u010dn\u00ed klub (m\u011bs\u00ed\u010dn\u00ed p\u0159edplatn\u00e9) (pokladna)"},"content":{"rendered":"<style>\n.woocommerce div.product div.images{margin-bottom:0;}\n.woocommerce div.product div.images img{width:32%; float:right;}\n.single_add_to_cart_button.button.alt{display:none;}\n.wc-south.opc-complete-order{display:none;}\ndiv.summary.entry-summary.product-item div.product-quantity{display:none;}\ndiv.summary.entry-summary.product-item div.product_meta{display:none;}\n.single-product .product .summary .price span.woocommerce-Price-amount.amount{color:#0095da; font-size:36px; font-weight:700; font-family:Roboto;}\n.single-product .product .summary .price span.subscription-details{color:#222; font-size:15px; line-height:26px; font-weight:400;}\ndiv.followup-checkout{display:none;}\n.woocommerce #payment #place_order{background-color:#0095da; color:#fff; font-size:15px; padding:18px 24px; border-radius:2em; text-transform:uppercase; letter-spacing:.05em; font-family:Roboto,sans-serif; font-weight:700;}\n<\/style>\n<p>[woocommerce_one_page_checkout template=&#8220;product-single&#8220; product_ids=&#8220;84342&#8243;]<\/p>\n","protected":false},"excerpt":{"rendered":"<p>[woocommerce_one_page_checkout template=&#8220;product-single&#8220; product_ids=&#8220;84342&#8243;]<\/p>\n","protected":false},"author":7,"featured_media":0,"parent":0,"menu_order":0,"comment_status":"closed","ping_status":"closed","template":"page-empty.php","meta":[],"yoast_head":"<!-- This site is optimized with the Yoast SEO plugin v20.10 - https:\/\/yoast.com\/wordpress\/plugins\/seo\/ -->\n<title>P\u0159edsevzet\u00ed 2019 ::: Angli\u010dtina + konverza\u010dn\u00ed klub (m\u011bs\u00ed\u010dn\u00ed p\u0159edplatn\u00e9) (pokladna) - SoGood Languages<\/title>\n<meta name=\"robots\" content=\"index, follow, max-snippet:-1, max-image-preview:large, max-video-preview:-1\" \/>\n<link rel=\"canonical\" href=\"https:\/\/dev.sogoodlanguages.com\/cs\/anglictina-konverzacni-klub-mesicni-predplatne-pokladna\/\" \/>\n<meta property=\"og:locale\" content=\"cs_CZ\" \/>\n<meta property=\"og:type\" content=\"article\" \/>\n<meta property=\"og:title\" content=\"P\u0159edsevzet\u00ed 2019 ::: Angli\u010dtina + konverza\u010dn\u00ed klub (m\u011bs\u00ed\u010dn\u00ed p\u0159edplatn\u00e9) (pokladna) - SoGood Languages\" \/>\n<meta property=\"og:description\" content=\"[woocommerce_one_page_checkout template=&#8220;product-single&#8220; product_ids=&#8220;84342&#8243;]\" \/>\n<meta property=\"og:url\" content=\"https:\/\/dev.sogoodlanguages.com\/cs\/anglictina-konverzacni-klub-mesicni-predplatne-pokladna\/\" \/>\n<meta property=\"og:site_name\" content=\"SoGood Languages\" \/>\n<meta property=\"article:publisher\" content=\"https:\/\/www.facebook.com\/SoGood-Languages-1434502526865341\" \/>\n<meta property=\"article:modified_time\" content=\"2019-01-15T05:00:08+00:00\" \/>\n<meta name=\"twitter:card\" content=\"summary_large_image\" \/>\n<script type=\"application\/ld+json\" class=\"yoast-schema-graph\">{\"@context\":\"https:\/\/schema.org\",\"@graph\":[{\"@type\":\"WebPage\",\"@id\":\"https:\/\/dev.sogoodlanguages.com\/cs\/anglictina-konverzacni-klub-mesicni-predplatne-pokladna\/\",\"url\":\"https:\/\/dev.sogoodlanguages.com\/cs\/anglictina-konverzacni-klub-mesicni-predplatne-pokladna\/\",\"name\":\"P\u0159edsevzet\u00ed 2019 ::: Angli\u010dtina + konverza\u010dn\u00ed klub (m\u011bs\u00ed\u010dn\u00ed p\u0159edplatn\u00e9) (pokladna) - SoGood Languages\",\"isPartOf\":{\"@id\":\"https:\/\/dev.sogoodlanguages.com\/cs\/#website\"},\"datePublished\":\"2019-01-10T18:57:32+00:00\",\"dateModified\":\"2019-01-15T05:00:08+00:00\",\"breadcrumb\":{\"@id\":\"https:\/\/dev.sogoodlanguages.com\/cs\/anglictina-konverzacni-klub-mesicni-predplatne-pokladna\/#breadcrumb\"},\"inLanguage\":\"cs\",\"potentialAction\":[{\"@type\":\"ReadAction\",\"target\":[\"https:\/\/dev.sogoodlanguages.com\/cs\/anglictina-konverzacni-klub-mesicni-predplatne-pokladna\/\"]}]},{\"@type\":\"BreadcrumbList\",\"@id\":\"https:\/\/dev.sogoodlanguages.com\/cs\/anglictina-konverzacni-klub-mesicni-predplatne-pokladna\/#breadcrumb\",\"itemListElement\":[{\"@type\":\"ListItem\",\"position\":1,\"name\":\"Dom\u016f\",\"item\":\"https:\/\/dev.sogoodlanguages.com\/cs\/\"},{\"@type\":\"ListItem\",\"position\":2,\"name\":\"P\u0159edsevzet\u00ed 2019 ::: Angli\u010dtina + konverza\u010dn\u00ed klub (m\u011bs\u00ed\u010dn\u00ed p\u0159edplatn\u00e9) (pokladna)\"}]},{\"@type\":\"WebSite\",\"@id\":\"https:\/\/dev.sogoodlanguages.com\/cs\/#website\",\"url\":\"https:\/\/dev.sogoodlanguages.com\/cs\/\",\"name\":\"SoGood Languages\",\"description\":\"SoGood Languages\",\"potentialAction\":[{\"@type\":\"SearchAction\",\"target\":{\"@type\":\"EntryPoint\",\"urlTemplate\":\"https:\/\/dev.sogoodlanguages.com\/cs\/?s={search_term_string}\"},\"query-input\":\"required name=search_term_string\"}],\"inLanguage\":\"cs\"}]}<\/script>\n<!-- \/ Yoast SEO plugin. -->","yoast_head_json":{"title":"P\u0159edsevzet\u00ed 2019 ::: Angli\u010dtina + konverza\u010dn\u00ed klub (m\u011bs\u00ed\u010dn\u00ed p\u0159edplatn\u00e9) (pokladna) - SoGood Languages","robots":{"index":"index","follow":"follow","max-snippet":"max-snippet:-1","max-image-preview":"max-image-preview:large","max-video-preview":"max-video-preview:-1"},"canonical":"https:\/\/dev.sogoodlanguages.com\/cs\/anglictina-konverzacni-klub-mesicni-predplatne-pokladna\/","og_locale":"cs_CZ","og_type":"article","og_title":"P\u0159edsevzet\u00ed 2019 ::: Angli\u010dtina + konverza\u010dn\u00ed klub (m\u011bs\u00ed\u010dn\u00ed p\u0159edplatn\u00e9) (pokladna) - SoGood Languages","og_description":"[woocommerce_one_page_checkout template=&#8220;product-single&#8220; product_ids=&#8220;84342&#8243;]","og_url":"https:\/\/dev.sogoodlanguages.com\/cs\/anglictina-konverzacni-klub-mesicni-predplatne-pokladna\/","og_site_name":"SoGood Languages","article_publisher":"https:\/\/www.facebook.com\/SoGood-Languages-1434502526865341","article_modified_time":"2019-01-15T05:00:08+00:00","twitter_card":"summary_large_image","schema":{"@context":"https:\/\/schema.org","@graph":[{"@type":"WebPage","@id":"https:\/\/dev.sogoodlanguages.com\/cs\/anglictina-konverzacni-klub-mesicni-predplatne-pokladna\/","url":"https:\/\/dev.sogoodlanguages.com\/cs\/anglictina-konverzacni-klub-mesicni-predplatne-pokladna\/","name":"P\u0159edsevzet\u00ed 2019 ::: Angli\u010dtina + konverza\u010dn\u00ed klub (m\u011bs\u00ed\u010dn\u00ed p\u0159edplatn\u00e9) (pokladna) - SoGood Languages","isPartOf":{"@id":"https:\/\/dev.sogoodlanguages.com\/cs\/#website"},"datePublished":"2019-01-10T18:57:32+00:00","dateModified":"2019-01-15T05:00:08+00:00","breadcrumb":{"@id":"https:\/\/dev.sogoodlanguages.com\/cs\/anglictina-konverzacni-klub-mesicni-predplatne-pokladna\/#breadcrumb"},"inLanguage":"cs","potentialAction":[{"@type":"ReadAction","target":["https:\/\/dev.sogoodlanguages.com\/cs\/anglictina-konverzacni-klub-mesicni-predplatne-pokladna\/"]}]},{"@type":"BreadcrumbList","@id":"https:\/\/dev.sogoodlanguages.com\/cs\/anglictina-konverzacni-klub-mesicni-predplatne-pokladna\/#breadcrumb","itemListElement":[{"@type":"ListItem","position":1,"name":"Dom\u016f","item":"https:\/\/dev.sogoodlanguages.com\/cs\/"},{"@type":"ListItem","position":2,"name":"P\u0159edsevzet\u00ed 2019 ::: Angli\u010dtina + konverza\u010dn\u00ed klub (m\u011bs\u00ed\u010dn\u00ed p\u0159edplatn\u00e9) (pokladna)"}]},{"@type":"WebSite","@id":"https:\/\/dev.sogoodlanguages.com\/cs\/#website","url":"https:\/\/dev.sogoodlanguages.com\/cs\/","name":"SoGood Languages","description":"SoGood Languages","potentialAction":[{"@type":"SearchAction","target":{"@type":"EntryPoint","urlTemplate":"https:\/\/dev.sogoodlanguages.com\/cs\/?s={search_term_string}"},"query-input":"required name=search_term_string"}],"inLanguage":"cs"}]}},"_links":{"self":[{"href":"https:\/\/dev.sogoodlanguages.com\/cs\/wp-json\/wp\/v2\/pages\/84858"}],"collection":[{"href":"https:\/\/dev.sogoodlanguages.com\/cs\/wp-json\/wp\/v2\/pages"}],"about":[{"href":"https:\/\/dev.sogoodlanguages.com\/cs\/wp-json\/wp\/v2\/types\/page"}],"author":[{"embeddable":true,"href":"https:\/\/dev.sogoodlanguages.com\/cs\/wp-json\/wp\/v2\/users\/7"}],"replies":[{"embeddable":true,"href":"https:\/\/dev.sogoodlanguages.com\/cs\/wp-json\/wp\/v2\/comments?post=84858"}],"version-history":[{"count":5,"href":"https:\/\/dev.sogoodlanguages.com\/cs\/wp-json\/wp\/v2\/pages\/84858\/revisions"}],"predecessor-version":[{"id":84864,"href":"https:\/\/dev.sogoodlanguages.com\/cs\/wp-json\/wp\/v2\/pages\/84858\/revisions\/84864"}],"wp:attachment":[{"href":"https:\/\/dev.sogoodlanguages.com\/cs\/wp-json\/wp\/v2\/media?parent=84858"}],"curies":[{"name":"wp","href":"https:\/\/api.w.org\/{rel}","templated":true}]}}