{"id":86568,"date":"2019-07-08T14:15:24","date_gmt":"2019-07-08T12:15:24","guid":{"rendered":"https:\/\/dev.sogoodlanguages.com\/?page_id=86568\/"},"modified":"2019-07-08T14:15:24","modified_gmt":"2019-07-08T12:15:24","slug":"ochrana-osobnich-udaju","status":"publish","type":"page","link":"https:\/\/dev.sogoodlanguages.com\/cs\/ochrana-osobnich-udaju\/","title":{"rendered":"Ochrana osobn\u00edch \u00fadaj\u016f"},"content":{"rendered":"<p>Pou\u017e\u00edv\u00e1n\u00edm t\u011bchto str\u00e1nek souhlas\u00edte s\u00a0podm\u00ednkami tohoto Prohl\u00e1\u0161en\u00ed o\u00a0ochran\u011b osobn\u00edch \u00fadaj\u016f. V\u017edy, kdy\u017e poskytujete informace prost\u0159ednictv\u00edm t\u011bchto str\u00e1nek, souhlas\u00edte se shroma\u017e\u010fov\u00e1n\u00edm, pou\u017e\u00edv\u00e1n\u00edm a\u00a0zp\u0159\u00edstup\u0148ov\u00e1n\u00edm p\u0159edm\u011btn\u00e9 informace v\u00a0souladu s\u00a0t\u00edmto Prohl\u00e1\u0161en\u00edm o\u00a0ochran\u011b osobn\u00edch \u00fadaj\u016f.<\/p>\n<p><strong>Online learning s.r.o.<\/strong> bere sd\u011blen\u00e9 osobn\u00ed a\u00a0dal\u0161\u00ed \u00fadaje jako p\u0159\u00edsn\u011b d\u016fv\u011brn\u00e9 a\u00a0p\u0159i jejich zpracov\u00e1n\u00ed se \u0159\u00edd\u00ed z\u00e1konem \u010d. 101\/2000 Sb., o\u00a0ochran\u011b osobn\u00edch \u00fadaj\u016f.<\/p>\n<p>Ka\u017ed\u00fd u\u017eivatel m\u016f\u017ee po\u017e\u00e1dat o\u00a0okam\u017eit\u00e9 vymaz\u00e1n\u00ed ve\u0161ker\u00fdch sv\u00fdch osobn\u00edch \u00fadaj\u016f, ale ztr\u00e1c\u00ed t\u00edm mo\u017enost z\u00edsk\u00e1vat informace o\u00a0novink\u00e1ch, n\u00e1vodech a\u00a0speci\u00e1ln\u00edch akc\u00edch pro v\u011brn\u00e9 z\u00e1kazn\u00edky. \u017d\u00e1dost o\u00a0vymaz\u00e1n\u00ed je mo\u017en\u00e9 zaslat na\u00a0<a>info@onlinejazyky.cz<\/a>. Upozor\u0148ujeme, \u017ee z\u00e1konem vy\u017eadovan\u00e9 informace o\u00a0proveden\u00fdch n\u00e1kupech uchov\u00e1vat mus\u00edme.<\/p>\n<h2>PROCES ON-LINE OBJEDN\u00c1VKY<\/h2>\n<p><strong>Jak\u00e9 \u00fadaje ukl\u00e1d\u00e1me?<\/strong><br \/>\nVe\u0161ker\u00e9 \u00fadaje, kter\u00e9 n\u00e1m zad\u00e1te do objedn\u00e1vky. U\u00a0elektronick\u00fdch licenc\u00ed zejm\u00e9na e-mail. Pokud v\u00e1m po zaplacen\u00ed vystavujeme da\u0148ov\u00fd doklad na konkr\u00e9tn\u00ed jm\u00e9no nebo spole\u010dnost, ukl\u00e1d\u00e1me i\u00a0\u00fadaje faktura\u010dn\u00ed.<\/p>\n<p><strong>Pro\u010d je ukl\u00e1d\u00e1me?<\/strong><br \/>\n\u00dadaje uchov\u00e1v\u00e1me z\u00a0d\u016fvodu aktivace licence, n\u00e1sledn\u00e9 evidence licence a\u00a0pro marketingov\u00e9 \u00fa\u010dely.<\/p>\n<p><strong>Kam se \u00fadaje ukl\u00e1daj\u00ed?<\/strong><br \/>\n\u00dadaje ukl\u00e1d\u00e1me na vlastn\u00edch zabezpe\u010den\u00fdch serverech bez p\u0159\u00edstupu extern\u00edch subjekt\u016f.<\/p>\n<p><strong>Kter\u00e9 \u00fadaje neukl\u00e1d\u00e1me?<\/strong><br \/>\nP\u0159i platb\u011b kartou neuchov\u00e1v\u00e1me \u00fadaje o\u00a0platebn\u00ed kart\u011b, tyto \u00fadaje zpracov\u00e1v\u00e1 t\u0159et\u00ed strana \u2013 d\u016fv\u011bryhodn\u00e1 platebn\u00ed br\u00e1na. Stejn\u011b tak neuchov\u00e1v\u00e1me \u00fadaje z\u00a0va\u0161eho PayPal, PayU \u00fa\u010dtu ani internetov\u00e9ho bankovnictv\u00ed, pokud je k\u00a0platb\u011b vyu\u017eijete.<\/p>\n<h2>P\u0158\u00cdSTUP KE SLU\u017dB\u00c1M<\/h2>\n<p><strong>Jak\u00e9 \u00fadaje ukl\u00e1d\u00e1me?<\/strong><br \/>\nE-mailovou adresu u\u017eivatele a\u00a0heslo pro p\u0159\u00edstup k\u00a0\u00fa\u010dtu. Pokud si u\u017eivatel k\u00a0\u00fa\u010dtu p\u0159ipoj\u00ed fotografii, ukl\u00e1d\u00e1me i\u00a0tu. V\u00a0p\u0159\u00edpad\u011b p\u0159ihla\u0161ov\u00e1n\u00ed p\u0159es extern\u00ed slu\u017eby (Facebook) ukl\u00e1d\u00e1me tak\u00e9 \u00fadaje nezbytn\u00e9 pro propojen\u00ed s\u00a0t\u011bmito slu\u017ebami. U\u00a0objedn\u00e1vek hrazen\u00fdch prost\u0159ednictv\u00edm PayPal evidujeme \u010d\u00edsla objedn\u00e1vek\/transakc\u00ed kv\u016fli ov\u011b\u0159en\u00ed stavu platby a\u00a0p\u0159\u00edpadn\u00fdm reklamac\u00edm. Tak\u00e9 ukl\u00e1d\u00e1me statistiky vyu\u017eit\u00ed softwaru a\u00a0on-line slu\u017eeb.<\/p>\n<p><strong>Pro\u010d je ukl\u00e1d\u00e1me?<\/strong><br \/>\n\u00dadaje uchov\u00e1v\u00e1me z\u00a0d\u016fvodu bezchybn\u00e9 aktivace licence, n\u00e1sledn\u00e9 evidence licenc\u00ed, pro marketingov\u00e9 a\u00a0analytick\u00e9 \u00fa\u010dely, pro zaji\u0161t\u011bn\u00ed funk\u010dnosti softwaru a\u00a0on-line slu\u017eeb a\u00a0jejich ochranu p\u0159ed zneu\u017eit\u00edm.<\/p>\n<p><strong>Kam se \u00fadaje ukl\u00e1daj\u00ed?<\/strong><br \/>\n\u00dadaje ukl\u00e1d\u00e1me na vlastn\u00edch zabezpe\u010den\u00fdch serverech.<\/p>\n<h2>PASIVN\u011a POSKYTOVAN\u00c9 INFORMACE<\/h2>\n<p>P\u0159i pohybu na webov\u00e9 prezentaci mohou b\u00fdt jist\u00e9 informace pasivn\u011b shroma\u017e\u010fov\u00e1ny (tj. z\u00edsk\u00e1ny, ani\u017e by byly z\u00a0Va\u0161\u00ed strany aktivn\u011b poskytnuty) za pou\u017eit\u00ed r\u016fzn\u00fdch technologi\u00ed (jako nap\u0159\u00edklad cookies, javascriptov\u00e9 m\u011b\u0159ic\u00ed syst\u00e9my, zejm\u00e9na Google Analytics, a\u00a0standardn\u00ed logov\u00e1n\u00ed Va\u0161ich HTTP po\u017eadavk\u016f na stran\u011b serveru).<\/p>\n<p>V\u00e1\u0161 internetov\u00fd prohl\u00ed\u017ee\u010d (browser) automaticky p\u0159ed\u00e1v\u00e1 t\u011bmto str\u00e1nk\u00e1m n\u011bkter\u00e9 z\u00a0uveden\u00fdch anonymn\u00edch informac\u00ed, nap\u0159. URL webov\u00e9ho port\u00e1lu \u010di vyhled\u00e1va\u010de, kter\u00fd jste pr\u00e1v\u011b opustil\/a (tzv. Referrer URL), va\u0161i IP adresu, verzi browseru a\u00a0opera\u010dn\u00edho syst\u00e9mu, kter\u00fd V\u00e1\u0161 po\u010d\u00edta\u010d moment\u00e1ln\u011b pou\u017e\u00edv\u00e1, v\u00fdchoz\u00ed nastaven\u00ed jazyka, p\u0159\u00edpadn\u011b informace o\u00a0nainstalovan\u00fdch dopl\u0148c\u00edch Va\u0161eho prohl\u00ed\u017ee\u010de. Tyto str\u00e1nky pro sv\u016fj provoz vy\u017eaduj\u00ed ukl\u00e1d\u00e1n\u00ed cookies ve va\u0161em prohl\u00ed\u017ee\u010di. M\u016f\u017eete jej nastavit tak, aby V\u00e1s informoval v\u00a0okam\u017eiku, kdy je cookie zasl\u00e1na, anebo cookies zcela odm\u00edtnout \u010di zak\u00e1zat, nicm\u00e9n\u011b ur\u010dit\u00e9 \u010d\u00e1sti t\u011bchto webov\u00fdch str\u00e1nek nemus\u00ed bez cookies spr\u00e1vn\u011b fungovat.<\/p>\n","protected":false},"excerpt":{"rendered":"<p>Pou\u017e\u00edv\u00e1n\u00edm t\u011bchto str\u00e1nek souhlas\u00edte s\u00a0podm\u00ednkami tohoto Prohl\u00e1\u0161en\u00ed o\u00a0ochran\u011b osobn\u00edch \u00fadaj\u016f. V\u017edy, kdy\u017e poskytujete informace prost\u0159ednictv\u00edm t\u011bchto str\u00e1nek, souhlas\u00edte se shroma\u017e\u010fov\u00e1n\u00edm, pou\u017e\u00edv\u00e1n\u00edm a\u00a0zp\u0159\u00edstup\u0148ov\u00e1n\u00edm p\u0159edm\u011btn\u00e9 informace v\u00a0souladu s\u00a0t\u00edmto Prohl\u00e1\u0161en\u00edm o\u00a0ochran\u011b osobn\u00edch \u00fadaj\u016f. Online learning s.r.o. bere sd\u011blen\u00e9 osobn\u00ed a\u00a0dal\u0161\u00ed \u00fadaje jako p\u0159\u00edsn\u011b d\u016fv\u011brn\u00e9 a\u00a0p\u0159i jejich zpracov\u00e1n\u00ed se \u0159\u00edd\u00ed z\u00e1konem \u010d. 101\/2000 Sb., o\u00a0ochran\u011b osobn\u00edch \u00fadaj\u016f. Ka\u017ed\u00fd u\u017eivatel [&hellip;]<\/p>\n","protected":false},"author":1,"featured_media":0,"parent":0,"menu_order":0,"comment_status":"closed","ping_status":"closed","template":"","meta":[],"yoast_head":"<!-- This site is optimized with the Yoast SEO plugin v20.10 - https:\/\/yoast.com\/wordpress\/plugins\/seo\/ -->\n<title>Ochrana osobn\u00edch \u00fadaj\u016f - SoGood Languages<\/title>\n<meta name=\"robots\" content=\"index, follow, max-snippet:-1, max-image-preview:large, max-video-preview:-1\" \/>\n<link rel=\"canonical\" href=\"https:\/\/dev.sogoodlanguages.com\/cs\/ochrana-osobnich-udaju\/\" \/>\n<meta property=\"og:locale\" content=\"cs_CZ\" \/>\n<meta property=\"og:type\" content=\"article\" \/>\n<meta property=\"og:title\" content=\"Ochrana osobn\u00edch \u00fadaj\u016f - SoGood Languages\" \/>\n<meta property=\"og:description\" content=\"Pou\u017e\u00edv\u00e1n\u00edm t\u011bchto str\u00e1nek souhlas\u00edte s\u00a0podm\u00ednkami tohoto Prohl\u00e1\u0161en\u00ed o\u00a0ochran\u011b osobn\u00edch \u00fadaj\u016f. V\u017edy, kdy\u017e poskytujete informace prost\u0159ednictv\u00edm t\u011bchto str\u00e1nek, souhlas\u00edte se shroma\u017e\u010fov\u00e1n\u00edm, pou\u017e\u00edv\u00e1n\u00edm a\u00a0zp\u0159\u00edstup\u0148ov\u00e1n\u00edm p\u0159edm\u011btn\u00e9 informace v\u00a0souladu s\u00a0t\u00edmto Prohl\u00e1\u0161en\u00edm o\u00a0ochran\u011b osobn\u00edch \u00fadaj\u016f. Online learning s.r.o. bere sd\u011blen\u00e9 osobn\u00ed a\u00a0dal\u0161\u00ed \u00fadaje jako p\u0159\u00edsn\u011b d\u016fv\u011brn\u00e9 a\u00a0p\u0159i jejich zpracov\u00e1n\u00ed se \u0159\u00edd\u00ed z\u00e1konem \u010d. 101\/2000 Sb., o\u00a0ochran\u011b osobn\u00edch \u00fadaj\u016f. Ka\u017ed\u00fd u\u017eivatel [&hellip;]\" \/>\n<meta property=\"og:url\" content=\"https:\/\/dev.sogoodlanguages.com\/cs\/ochrana-osobnich-udaju\/\" \/>\n<meta property=\"og:site_name\" content=\"SoGood Languages\" \/>\n<meta property=\"article:publisher\" content=\"https:\/\/www.facebook.com\/SoGood-Languages-1434502526865341\" \/>\n<meta name=\"twitter:card\" content=\"summary_large_image\" \/>\n<meta name=\"twitter:label1\" content=\"Odhadovan\u00e1 doba \u010dten\u00ed\" \/>\n\t<meta name=\"twitter:data1\" content=\"3 minuty\" \/>\n<script type=\"application\/ld+json\" class=\"yoast-schema-graph\">{\"@context\":\"https:\/\/schema.org\",\"@graph\":[{\"@type\":\"WebPage\",\"@id\":\"https:\/\/dev.sogoodlanguages.com\/cs\/ochrana-osobnich-udaju\/\",\"url\":\"https:\/\/dev.sogoodlanguages.com\/cs\/ochrana-osobnich-udaju\/\",\"name\":\"Ochrana osobn\u00edch \u00fadaj\u016f - SoGood Languages\",\"isPartOf\":{\"@id\":\"https:\/\/dev.sogoodlanguages.com\/cs\/#website\"},\"datePublished\":\"2019-07-08T12:15:24+00:00\",\"dateModified\":\"2019-07-08T12:15:24+00:00\",\"breadcrumb\":{\"@id\":\"https:\/\/dev.sogoodlanguages.com\/cs\/ochrana-osobnich-udaju\/#breadcrumb\"},\"inLanguage\":\"cs\",\"potentialAction\":[{\"@type\":\"ReadAction\",\"target\":[\"https:\/\/dev.sogoodlanguages.com\/cs\/ochrana-osobnich-udaju\/\"]}]},{\"@type\":\"BreadcrumbList\",\"@id\":\"https:\/\/dev.sogoodlanguages.com\/cs\/ochrana-osobnich-udaju\/#breadcrumb\",\"itemListElement\":[{\"@type\":\"ListItem\",\"position\":1,\"name\":\"Dom\u016f\",\"item\":\"https:\/\/dev.sogoodlanguages.com\/cs\/\"},{\"@type\":\"ListItem\",\"position\":2,\"name\":\"Ochrana osobn\u00edch \u00fadaj\u016f\"}]},{\"@type\":\"WebSite\",\"@id\":\"https:\/\/dev.sogoodlanguages.com\/cs\/#website\",\"url\":\"https:\/\/dev.sogoodlanguages.com\/cs\/\",\"name\":\"SoGood Languages\",\"description\":\"SoGood Languages\",\"potentialAction\":[{\"@type\":\"SearchAction\",\"target\":{\"@type\":\"EntryPoint\",\"urlTemplate\":\"https:\/\/dev.sogoodlanguages.com\/cs\/?s={search_term_string}\"},\"query-input\":\"required name=search_term_string\"}],\"inLanguage\":\"cs\"}]}<\/script>\n<!-- \/ Yoast SEO plugin. -->","yoast_head_json":{"title":"Ochrana osobn\u00edch \u00fadaj\u016f - SoGood Languages","robots":{"index":"index","follow":"follow","max-snippet":"max-snippet:-1","max-image-preview":"max-image-preview:large","max-video-preview":"max-video-preview:-1"},"canonical":"https:\/\/dev.sogoodlanguages.com\/cs\/ochrana-osobnich-udaju\/","og_locale":"cs_CZ","og_type":"article","og_title":"Ochrana osobn\u00edch \u00fadaj\u016f - SoGood Languages","og_description":"Pou\u017e\u00edv\u00e1n\u00edm t\u011bchto str\u00e1nek souhlas\u00edte s\u00a0podm\u00ednkami tohoto Prohl\u00e1\u0161en\u00ed o\u00a0ochran\u011b osobn\u00edch \u00fadaj\u016f. V\u017edy, kdy\u017e poskytujete informace prost\u0159ednictv\u00edm t\u011bchto str\u00e1nek, souhlas\u00edte se shroma\u017e\u010fov\u00e1n\u00edm, pou\u017e\u00edv\u00e1n\u00edm a\u00a0zp\u0159\u00edstup\u0148ov\u00e1n\u00edm p\u0159edm\u011btn\u00e9 informace v\u00a0souladu s\u00a0t\u00edmto Prohl\u00e1\u0161en\u00edm o\u00a0ochran\u011b osobn\u00edch \u00fadaj\u016f. Online learning s.r.o. bere sd\u011blen\u00e9 osobn\u00ed a\u00a0dal\u0161\u00ed \u00fadaje jako p\u0159\u00edsn\u011b d\u016fv\u011brn\u00e9 a\u00a0p\u0159i jejich zpracov\u00e1n\u00ed se \u0159\u00edd\u00ed z\u00e1konem \u010d. 101\/2000 Sb., o\u00a0ochran\u011b osobn\u00edch \u00fadaj\u016f. Ka\u017ed\u00fd u\u017eivatel [&hellip;]","og_url":"https:\/\/dev.sogoodlanguages.com\/cs\/ochrana-osobnich-udaju\/","og_site_name":"SoGood Languages","article_publisher":"https:\/\/www.facebook.com\/SoGood-Languages-1434502526865341","twitter_card":"summary_large_image","twitter_misc":{"Odhadovan\u00e1 doba \u010dten\u00ed":"3 minuty"},"schema":{"@context":"https:\/\/schema.org","@graph":[{"@type":"WebPage","@id":"https:\/\/dev.sogoodlanguages.com\/cs\/ochrana-osobnich-udaju\/","url":"https:\/\/dev.sogoodlanguages.com\/cs\/ochrana-osobnich-udaju\/","name":"Ochrana osobn\u00edch \u00fadaj\u016f - SoGood Languages","isPartOf":{"@id":"https:\/\/dev.sogoodlanguages.com\/cs\/#website"},"datePublished":"2019-07-08T12:15:24+00:00","dateModified":"2019-07-08T12:15:24+00:00","breadcrumb":{"@id":"https:\/\/dev.sogoodlanguages.com\/cs\/ochrana-osobnich-udaju\/#breadcrumb"},"inLanguage":"cs","potentialAction":[{"@type":"ReadAction","target":["https:\/\/dev.sogoodlanguages.com\/cs\/ochrana-osobnich-udaju\/"]}]},{"@type":"BreadcrumbList","@id":"https:\/\/dev.sogoodlanguages.com\/cs\/ochrana-osobnich-udaju\/#breadcrumb","itemListElement":[{"@type":"ListItem","position":1,"name":"Dom\u016f","item":"https:\/\/dev.sogoodlanguages.com\/cs\/"},{"@type":"ListItem","position":2,"name":"Ochrana osobn\u00edch \u00fadaj\u016f"}]},{"@type":"WebSite","@id":"https:\/\/dev.sogoodlanguages.com\/cs\/#website","url":"https:\/\/dev.sogoodlanguages.com\/cs\/","name":"SoGood Languages","description":"SoGood Languages","potentialAction":[{"@type":"SearchAction","target":{"@type":"EntryPoint","urlTemplate":"https:\/\/dev.sogoodlanguages.com\/cs\/?s={search_term_string}"},"query-input":"required name=search_term_string"}],"inLanguage":"cs"}]}},"_links":{"self":[{"href":"https:\/\/dev.sogoodlanguages.com\/cs\/wp-json\/wp\/v2\/pages\/86568"}],"collection":[{"href":"https:\/\/dev.sogoodlanguages.com\/cs\/wp-json\/wp\/v2\/pages"}],"about":[{"href":"https:\/\/dev.sogoodlanguages.com\/cs\/wp-json\/wp\/v2\/types\/page"}],"author":[{"embeddable":true,"href":"https:\/\/dev.sogoodlanguages.com\/cs\/wp-json\/wp\/v2\/users\/1"}],"replies":[{"embeddable":true,"href":"https:\/\/dev.sogoodlanguages.com\/cs\/wp-json\/wp\/v2\/comments?post=86568"}],"version-history":[{"count":1,"href":"https:\/\/dev.sogoodlanguages.com\/cs\/wp-json\/wp\/v2\/pages\/86568\/revisions"}],"predecessor-version":[{"id":86569,"href":"https:\/\/dev.sogoodlanguages.com\/cs\/wp-json\/wp\/v2\/pages\/86568\/revisions\/86569"}],"wp:attachment":[{"href":"https:\/\/dev.sogoodlanguages.com\/cs\/wp-json\/wp\/v2\/media?parent=86568"}],"curies":[{"name":"wp","href":"https:\/\/api.w.org\/{rel}","templated":true}]}}