{"id":85963,"date":"2019-05-06T11:19:38","date_gmt":"2019-05-06T09:19:38","guid":{"rendered":"https:\/\/dev.sogoodlanguages.com\/e-shop-ingles\/"},"modified":"2019-05-16T07:03:01","modified_gmt":"2019-05-16T05:03:01","slug":"e-shop-ingles","status":"publish","type":"page","link":"https:\/\/dev.sogoodlanguages.com\/es\/e-shop-ingles\/","title":{"rendered":"E-shop &#8211; Ingl\u00e9s"},"content":{"rendered":"<section class=\"wpb-content-wrapper\"><p>[vc_row full_width=\u00bbstretch_row\u00bb css=\u00bb.vc_custom_1508837477310{padding-top: 10px !important;padding-bottom: 2em !important;}\u00bb el_id=\u00bbbuy\u00bb][vc_column width=\u00bb5\/12&#8243;][vc_column_text]<\/p>\n<h1 style=\"text-align: left; font-size: 48px; line-height: 1.3;\">Cursos de ingl\u00e9s online para estudiantes<\/h1>\n[\/vc_column_text][vc_column_text]<\/p>\n<p style=\"text-align: left;\"><span style=\"font-size: 18px;\">Cursos de ingl\u00e9s para <strong>principiantes, de nivel intermedio<\/strong> y\u00a0<strong>avanzados.<\/strong><\/span><\/p>\n[\/vc_column_text][vc_btn title=\u00bbElija un curso de ingl\u00e9s\u00bb style=\u00bbcustom\u00bb custom_background=\u00bb#78a0bc\u00bb custom_text=\u00bb#ffffff\u00bb shape=\u00bbround\u00bb size=\u00bblg\u00bb align=\u00bbleft\u00bb i_align=\u00bbright\u00bb i_icon_fontawesome=\u00bbfa fa-angle-down\u00bb add_icon=\u00bbtrue\u00bb link=\u00bburl:%23scrollto|\u00bb el_class=\u00bbjs-anchor\u00bb][\/vc_column][vc_column width=\u00bb5\/12&#8243; offset=\u00bbvc_col-lg-offset-2&#8243;][vc_text_separator title=\u00bbOfrecer cursos de idiomas\u00bb css=\u00bb.vc_custom_1508792243956{padding-top: 0.5em !important;padding-bottom: 1.5em !important;}\u00bb][vc_row_inner][vc_column_inner width=\u00bb1\/2&#8243;][vc_column_text]<\/p>\n<p style=\"text-align: center;\"><a class=\"js-anchor\" href=\"#scrollto\"><img decoding=\"async\" loading=\"lazy\" class=\"size-full wp-image-80299 aligncenter\" src=\"https:\/\/dev.sogoodlanguages.com\/wp-content\/uploads\/2017\/09\/en.png\" alt=\"\" width=\"53\" height=\"53\" \/>Cursos de ingl\u00e9s<\/a><\/p>\n[\/vc_column_text][\/vc_column_inner][\/vc_row_inner][\/vc_column][\/vc_row][vc_row full_width=\u00bbstretch_row\u00bb parallax=\u00bbcontent-moving\u00bb parallax_image=\u00bb80615&#8243; css=\u00bb.vc_custom_1508837531136{border-bottom-width: 3em !important;padding-top: 5em !important;}\u00bb][vc_column][vc_empty_space height=\u00bb1.5em\u00bb][vc_single_image image=\u00bb22375&#8243; img_size=\u00bbmedium\u00bb][vc_empty_space height=\u00bb2.5em\u00bb][\/vc_column][\/vc_row][vc_row el_id=\u00bbscrollto\u00bb css=\u00bb.vc_custom_1479805470291{padding-top: 4em !important;}\u00bb][vc_column css=\u00bb.vc_custom_1463149399531{padding-top: 4em !important;}\u00bb][vc_row_inner css=\u00bb.vc_custom_1479805500121{margin-top: 3em !important;}\u00bb][vc_column_inner width=\u00bb1\/3&#8243;][vc_column_text]<\/p>\n<h2 style=\"text-align: left;\">Cursos de ingl\u00e9s para principiantes<\/h2>\n<p style=\"text-align: left;\"><span class=\"tlid-translation translation\" lang=\"es\"><span title=\"\">Comience desde cero, contin\u00fae y no se detenga.<\/span> L<span class=\"\" title=\"\">e guiaremos en el proceso de aprendizaje con facilidad y eficiencia.<\/span> <span title=\"\">Pronto entender\u00e1 expresiones y frases comunes.<\/span><\/span><\/p>\n[\/vc_column_text][\/vc_column_inner][vc_column_inner width=\u00bb2\/3&#8243;]<div class=\"woocommerce columns-3 \"><ul class=\"products columns-3\">\n<li class=\"product type-product post-85758 status-publish first instock product_cat-ingles product_cat-ingles-para-principiantes has-post-thumbnail sold-individually product-type-external\">\n\t<a href=\"https:\/\/dev.sogoodlanguages.com\/es\/eshop\/ingles-nivel-basico-a1-2\/\" class=\"button\">Ver producto<\/a><\/li>\n<li class=\"product type-product post-85757 status-publish instock product_cat-ingles product_cat-ingles-para-principiantes has-post-thumbnail sold-individually product-type-external\">\n\t<a href=\"https:\/\/dev.sogoodlanguages.com\/es\/eshop\/ingles-nivel-basico-a1\/\" class=\"button\">Ver producto<\/a><\/li>\n<\/ul>\n<\/div>[\/vc_column_inner][\/vc_row_inner][\/vc_column][\/vc_row][vc_row][vc_column][vc_separator css=\u00bb.vc_custom_1463140591827{padding-top: 2em !important;padding-bottom: 4em !important;}\u00bb][vc_row_inner][vc_column_inner width=\u00bb1\/3&#8243;][vc_column_text]<\/p>\n<h2 style=\"text-align: left;\">Cursos de ingl\u00e9s para principiantes con conocimiento<\/h2>\n<p style=\"text-align: left;\"><span class=\"tlid-translation translation\" lang=\"es\"><span class=\"\" title=\"\">\u00bfTodav\u00eda no tiene un nivel avanzado, pero tampoco quiere volver a empezar?<\/span> <span class=\"\" title=\"\">Pruebe un curso para principiantes con conocimiento.<\/span> L<span class=\"\" title=\"\">e ayudaremos a llegar a un nivel intermedio.<\/span><\/span><\/p>\n[\/vc_column_text][\/vc_column_inner][vc_column_inner width=\u00bb2\/3&#8243;]<div class=\"woocommerce columns-3 \"><ul class=\"products columns-3\">\n<li class=\"product type-product post-85753 status-publish first instock product_cat-ingles product_cat-ingles-para-principiantes-con-conocimiento has-post-thumbnail sold-individually product-type-external\">\n\t<a href=\"https:\/\/dev.sogoodlanguages.com\/es\/eshop\/ingles-intermedio-bajo-a2\/\" class=\"button\">Ver producto<\/a><\/li>\n<li class=\"product type-product post-85752 status-publish instock product_cat-ingles product_cat-ingles-para-principiantes-con-conocimiento has-post-thumbnail sold-individually product-type-external\">\n\t<a href=\"https:\/\/dev.sogoodlanguages.com\/es\/eshop\/ingles-nivel-intermedio-bajo-a2\/\" class=\"button\">Ver producto<\/a><\/li>\n<\/ul>\n<\/div>[\/vc_column_inner][\/vc_row_inner][\/vc_column][\/vc_row][vc_row][vc_column][vc_separator css=\u00bb.vc_custom_1463140591827{padding-top: 2em !important;padding-bottom: 4em !important;}\u00bb][vc_row_inner][vc_column_inner width=\u00bb1\/3&#8243;][vc_column_text]<\/p>\n<h2 style=\"text-align: left;\">Cursos de ingl\u00e9s nivel intermedio<\/h2>\n<p style=\"text-align: left;\"><span class=\"tlid-translation translation\" lang=\"es\"><span class=\"\" title=\"\">\u00bfYa entiende la comunicaci\u00f3n b\u00e1sica, pero no se siente c\u00f3modo y seguro hablando?<\/span> <span class=\"\" title=\"\">El curso de ingl\u00e9s intermedio bajo ser\u00e1 el adecuado para usted.<\/span><\/span><\/p>\n[\/vc_column_text][\/vc_column_inner][vc_column_inner width=\u00bb2\/3&#8243;]<div class=\"woocommerce columns-3 \"><ul class=\"products columns-3\">\n<li class=\"product type-product post-85759 status-publish first instock product_cat-ingles product_cat-ingles-nivel-intermedio has-post-thumbnail sold-individually taxable shipping-taxable product-type-external\">\n\t<a href=\"https:\/\/dev.sogoodlanguages.com\/es\/eshop\/ingles-nivel-intermedio-b1-2\/\" class=\"button\">Ver producto<\/a><\/li>\n<li class=\"product type-product post-85750 status-publish instock product_cat-ingles product_cat-ingles-nivel-intermedio has-post-thumbnail sold-individually taxable shipping-taxable product-type-external\">\n\t<a href=\"https:\/\/dev.sogoodlanguages.com\/es\/eshop\/ingles-nivel-intermedio-b1\/\" class=\"button\">Ver producto<\/a><\/li>\n<\/ul>\n<\/div>[\/vc_column_inner][\/vc_row_inner][\/vc_column][\/vc_row][vc_row][vc_column][vc_separator css=\u00bb.vc_custom_1463140591827{padding-top: 2em !important;padding-bottom: 4em !important;}\u00bb][vc_row_inner][vc_column_inner width=\u00bb1\/3&#8243;][vc_column_text]<\/p>\n<h2 style=\"text-align: left;\">Cursos de ingl\u00e9s avanzado<\/h2>\n<p style=\"text-align: left;\"><span class=\"tlid-translation translation\" lang=\"es\"><span title=\"\">\u00bfEntiende ya textos con el vocabulario com\u00fan, pero le gustar\u00eda entender pel\u00edculas, seguir una charla m\u00e1s larga y comunicarse de manera fluida y espont\u00e1nea con nativos?<\/span> Entonces l<span class=\"\" title=\"\">os cursos de ingl\u00e9s avanzado son para usted.<\/span><\/span><\/p>\n[\/vc_column_text][\/vc_column_inner][vc_column_inner width=\u00bb2\/3&#8243;]<div class=\"woocommerce columns-3 \"><ul class=\"products columns-3\">\n<li class=\"product type-product post-85748 status-publish first instock product_cat-ingles product_cat-ingles-nivel-avanzado has-post-thumbnail sold-individually taxable shipping-taxable product-type-external\">\n\t<a href=\"https:\/\/dev.sogoodlanguages.com\/es\/eshop\/ingles-nivel-avanzado-b2\/\" class=\"button\">Ver producto<\/a><\/li>\n<li class=\"product type-product post-85762 status-publish instock product_cat-ingles product_cat-ingles-nivel-avanzado has-post-thumbnail sold-individually taxable shipping-taxable product-type-external\">\n\t<a href=\"https:\/\/dev.sogoodlanguages.com\/es\/eshop\/ingles-nivel-avanzado-b2-2\/\" class=\"button\">Ver producto<\/a><\/li>\n<\/ul>\n<\/div>[\/vc_column_inner][\/vc_row_inner][vc_separator css=\u00bb.vc_custom_1463140591827{padding-top: 2em !important;padding-bottom: 4em !important;}\u00bb][vc_row_inner][vc_column_inner width=\u00bb1\/3&#8243;][vc_column_text]<\/p>\n<h2 style=\"text-align: left;\">Cursos de ingl\u00e9s para expertos<\/h2>\n<p style=\"text-align: left;\"><span class=\"tlid-translation translation\" lang=\"es\"><span title=\"\">El ingl\u00e9s para estudiantes muy avanzados o expertos est\u00e1 destinado a aquellos que pueden entender textos a\u00fan m\u00e1s complejos y mantener conversaciones fluidas con un nativo.<\/span> <span class=\"\" title=\"\">Despu\u00e9s de realizar el curso, podr\u00e1 comprender una amplia gama de textos desafiantes y llevar una conversaci\u00f3n fluida y coherente.<\/span><\/span><\/p>\n[\/vc_column_text][\/vc_column_inner][vc_column_inner width=\u00bb2\/3&#8243;]<div class=\"woocommerce columns-3 \"><ul class=\"products columns-3\">\n<li class=\"product type-product post-85998 status-publish first instock product_cat-ingles product_cat-ingles-para-expertos has-post-thumbnail sold-individually taxable shipping-taxable product-type-external\">\n\t<a href=\"https:\/\/dev.sogoodlanguages.com\/es\/eshop\/ingles-para-expertos-c1\/\" class=\"button\">Ver producto<\/a><\/li>\n<li class=\"product type-product post-85999 status-publish instock product_cat-ingles product_cat-ingles-para-expertos has-post-thumbnail sold-individually taxable shipping-taxable product-type-external\">\n\t<a href=\"https:\/\/dev.sogoodlanguages.com\/es\/eshop\/ingles-para-expertos-c2\/\" class=\"button\">Ver producto<\/a><\/li>\n<\/ul>\n<\/div>[\/vc_column_inner][\/vc_row_inner][vc_empty_space height=\u00bb3em\u00bb][\/vc_column][\/vc_row][vc_row full_width=\u00bbstretch_row\u00bb content_placement=\u00bbmiddle\u00bb disable_element=\u00bbyes\u00bb css=\u00bb.vc_custom_1557506945565{margin-bottom: 2em !important;padding-top: 4em !important;padding-bottom: 1em !important;background-color: #78a0bc !important;background-position: center !important;background-repeat: no-repeat !important;background-size: cover !important;}\u00bb el_id=\u00bbtry\u00bb][vc_column width=\u00bb2\/3&#8243; offset=\u00bbvc_col-md-offset-2&#8243;][vc_column_text]<\/p>\n<h2 style=\"text-align: center; color: #fff;\">Nev\u00edte jak v\u00fduka prob\u00edh\u00e1? Vyzkou\u0161ejte uk\u00e1zku <strong>ZDARMA<\/strong>!<\/h2>\n[\/vc_column_text][vc_column_text][\/vc_column_text][\/vc_column][\/vc_row][vc_row disable_element=\u00bbyes\u00bb css=\u00bb.vc_custom_1557160010927{padding-top: 4em !important;}\u00bb][vc_column][vc_row_inner][vc_column_inner width=\u00bb1\/3&#8243;][vc_column_text]<\/p>\n<h2 style=\"text-align: left;\">Kurzy profesn\u00ed angli\u010dtiny<\/h2>\n<p style=\"text-align: left;\">M\u00e1te z\u00e1klady obecn\u00e9ho jazyka a pot\u0159ebujete angli\u010dtinu pro svou pr\u00e1ci? Profesn\u00ed kurzy jsou to, co hled\u00e1te.<\/p>\n[\/vc_column_text][\/vc_column_inner][vc_column_inner width=\u00bb2\/3&#8243;]<div class=\"woocommerce columns-3 \"><\/div>[\/vc_column_inner][\/vc_row_inner][vc_separator css=\u00bb.vc_custom_1463140591827{padding-top: 2em !important;padding-bottom: 4em !important;}\u00bb][\/vc_column][\/vc_row][vc_row disable_element=\u00bbyes\u00bb css=\u00bb.vc_custom_1557160027450{padding-top: 4em !important;}\u00bb][vc_column][vc_row_inner][vc_column_inner width=\u00bb1\/3&#8243;][vc_column_text]<\/p>\n<h2 style=\"text-align: left;\">Slov\u00ed\u010dkov\u00e9 kurzy<\/h2>\n<p style=\"text-align: left;\">Procvi\u010dte a prohlubte svoji slovn\u00ed z\u00e1sobu. Slov\u00ed\u010dkov\u00e9 kurzy slou\u017e\u00ed k roz\u0161\u00ed\u0159en\u00ed Va\u0161\u00ed slovn\u00ed z\u00e1soby jak z obecn\u00e9 angli\u010dtiny, tak z r\u016fzn\u00fdch obor\u016f a specializac\u00ed. Jsou vhodn\u00fdm dopl\u0148kem k obecn\u00fdm a profesn\u00edm kurz\u016fm.<\/p>\n[\/vc_column_text][\/vc_column_inner][vc_column_inner width=\u00bb2\/3&#8243;]<div class=\"woocommerce columns-3 \"><\/div>[\/vc_column_inner][\/vc_row_inner][vc_separator css=\u00bb.vc_custom_1463140591827{padding-top: 2em !important;padding-bottom: 4em !important;}\u00bb][\/vc_column][\/vc_row][vc_row disable_element=\u00bbyes\u00bb][vc_column][vc_row_inner][vc_column_inner width=\u00bb1\/3&#8243;][vc_column_text]<\/p>\n<h2 style=\"text-align: left;\">Kurzy\u00a0pro d\u011bti a \u0161kol\u00e1ky<\/h2>\n<p style=\"text-align: left;\">Angli\u010dtina pro d\u011bti m\u00e1 \u0159adu specifik. Na v\u0161echna jsme mysleli a p\u0159ipravili z\u00e1bavn\u00e9 a funk\u010dn\u00ed kurzy pro d\u011bti na z\u00e1klad\u011b WattsEnglish metodiky. Zkuste kurz s d\u011btmi, zamiluj\u00ed si ho.<\/p>\n[\/vc_column_text][\/vc_column_inner][vc_column_inner width=\u00bb2\/3&#8243;]<div class=\"woocommerce columns-4 \"><\/div><div class=\"woocommerce columns-4 \"><\/div>[\/vc_column_inner][\/vc_row_inner][vc_separator css=\u00bb.vc_custom_1463140591827{padding-top: 2em !important;padding-bottom: 4em !important;}\u00bb][\/vc_column][\/vc_row][vc_row disable_element=\u00bbyes\u00bb][vc_column][vc_row_inner][vc_column_inner width=\u00bb1\/3&#8243;][vc_column_text]<\/p>\n<h2 style=\"text-align: left;\">Kurzy angli\u010dtiny pro st\u0159edn\u00ed\u00a0\u0161koly<\/h2>\n<p style=\"text-align: left;\">St\u0159edo\u0161kol\u00e1ci mohou \u00fasp\u011b\u0161n\u011b studovat jak\u00fdkoli n\u00e1\u0161 <a class=\"js-anchor\" href=\"#scrollto\">kurz angli\u010dtiny pro dosp\u011bl\u00e9<\/a>. Nicm\u00e9n\u011b existuje n\u011bkolik kurz\u016f, kter\u00e9 jsou pro st\u0159edo\u0161kol\u00e1ky charakteristick\u00e9. Angli\u010dtina k maturit\u011b je jedn\u00edm z nich.<\/p>\n[\/vc_column_text][\/vc_column_inner][vc_column_inner width=\u00bb2\/3&#8243;]<div class=\"woocommerce columns-3 \"><\/div>[\/vc_column_inner][\/vc_row_inner][\/vc_column][\/vc_row][vc_row full_width=\u00bbstretch_row\u00bb css=\u00bb.vc_custom_1479809961741{margin-top: 2em !important;padding-top: 4em !important;padding-bottom: 2em !important;background-color: #78a0bc !important;}\u00bb][vc_column][vc_column_text]<\/p>\n<h2 style=\"text-align: center; color: #ffffff;\">Hasta ahora nos ha elegido 37 940 estudiantes satisfechos.<\/h2>\n[\/vc_column_text][vc_btn title=\u00bbQUIERO ELEGIR UN CURSO\u00bb style=\u00bbcustom\u00bb custom_background=\u00bb#ffffff\u00bb custom_text=\u00bb#666666&#8243; size=\u00bblg\u00bb align=\u00bbcenter\u00bb link=\u00bburl:%23buy|\u00bb el_class=\u00bbjs-anchor\u00bb][\/vc_column][\/vc_row][vc_row full_width=\u00bbstretch_row\u00bb css=\u00bb.vc_custom_1463318287242{padding-top: 5em !important;padding-bottom: 1.5em !important;}\u00bb][vc_column width=\u00bb1\/3&#8243;][vc_icon type=\u00bblinecons\u00bb icon_linecons=\u00bbvc_li vc_li-bubble\u00bb color=\u00bbcustom\u00bb background_style=\u00bbrounded-outline\u00bb background_color=\u00bbwhite\u00bb size=\u00bblg\u00bb align=\u00bbcenter\u00bb custom_color=\u00bb#78a0bc\u00bb][vc_column_text]<\/p>\n<h2><\/h2>\n<h2 style=\"text-align: center;\"><span class=\"tlid-translation translation\" lang=\"es\"><span class=\"\" title=\"\">\u00bf<\/span><\/span>Necesita ayuda?<\/h2>\n[\/vc_column_text][vc_column_text]<\/p>\n<p style=\"text-align: center;\">No dude de contactarnos. Env\u00edenos un email al <a href=\"mailto:info@sogoodlanguages.com\">info@sogoodlanguages.com<\/a>. Ser\u00e1 un placer de atenderle.<\/p>\n[\/vc_column_text][\/vc_column][vc_column width=\u00bb1\/3&#8243;][vc_icon type=\u00bblinecons\u00bb icon_linecons=\u00bbvc_li vc_li-lock\u00bb color=\u00bbcustom\u00bb background_style=\u00bbrounded-outline\u00bb background_color=\u00bbwhite\u00bb size=\u00bblg\u00bb align=\u00bbcenter\u00bb custom_color=\u00bb#78a0bc\u00bb][vc_column_text]<\/p>\n<h2 style=\"text-align: center;\">No arriesga nada. Garantizamos la calidad.<\/h2>\n[\/vc_column_text][vc_column_text]<\/p>\n<p style=\"text-align: center;\">Si, dentro de 14 d\u00edas, se da cuenta que el curso no se adapta a sus necesidades o se ha equivocado en el nivel elegido, le <strong>devolveremos su dinero<\/strong>. Sin comentarios y sin preguntas.\u201d<\/p>\n[\/vc_column_text][\/vc_column][vc_column width=\u00bb1\/3&#8243;][vc_icon type=\u00bblinecons\u00bb color=\u00bbcustom\u00bb background_style=\u00bbrounded-outline\u00bb background_color=\u00bbwhite\u00bb size=\u00bblg\u00bb align=\u00bbcenter\u00bb custom_color=\u00bb#78a0bc\u00bb][vc_column_text]<\/p>\n<h2 style=\"text-align: center;\">El e-learning de idiomas mejor valorado en la Rep\u00fablica Checa<\/h2>\n[\/vc_column_text][vc_column_text]<\/p>\n<p style=\"text-align: center;\"><strong>Miles de estudiantes<\/strong> utilizan activamente nuestros cursos. \u00danase a ellos y aprenda el ingl\u00e9s una vez por todas.<\/p>\n[\/vc_column_text][\/vc_column][\/vc_row][vc_row full_width=\u00bbstretch_row\u00bb css=\u00bb.vc_custom_1463318330064{padding-top: 22px !important;padding-bottom: 22px !important;}\u00bb][vc_column][vc_separator css=\u00bb.vc_custom_1459948827520{padding-top: 10px !important;padding-bottom: 10px !important;}\u00bb][\/vc_column][\/vc_row][vc_row][vc_column width=\u00bb1\/2&#8243; offset=\u00bbvc_col-lg-offset-3&#8243;][vc_column_text]<\/p>\n<p style=\"line-height: 1.5; text-align: center;\">Realizado en colaboraci\u00f3n con ONLINE learning s.r.o. | <strong><a href=\"https:\/\/www.onlinejazyky.cz\" target=\"_blank\" rel=\"noopener noreferrer\">www.onlinejazyky.cz<\/a><\/strong>, <strong><a href=\"https:\/\/www.wattsenglish.com\" target=\"_blank\" rel=\"noopener noreferrer\">WATTSENGLISH LTD.<\/a><\/strong> y otros socios.<\/p>\n[\/vc_column_text][\/vc_column][\/vc_row]<\/p>\n<\/section>","protected":false},"excerpt":{"rendered":"<p>[vc_row full_width=\u00bbstretch_row\u00bb css=\u00bb.vc_custom_1508837477310{padding-top: 10px !important;padding-bottom: 2em !important;}\u00bb el_id=\u00bbbuy\u00bb][vc_column width=\u00bb5\/12&#8243;][vc_column_text] Cursos de ingl\u00e9s online para estudiantes [\/vc_column_text][vc_column_text] Cursos de ingl\u00e9s para principiantes, de nivel intermedio y\u00a0avanzados. [\/vc_column_text][vc_btn title=\u00bbElija un curso de ingl\u00e9s\u00bb style=\u00bbcustom\u00bb custom_background=\u00bb#78a0bc\u00bb custom_text=\u00bb#ffffff\u00bb shape=\u00bbround\u00bb size=\u00bblg\u00bb align=\u00bbleft\u00bb i_align=\u00bbright\u00bb i_icon_fontawesome=\u00bbfa fa-angle-down\u00bb add_icon=\u00bbtrue\u00bb link=\u00bburl:%23scrollto|\u00bb el_class=\u00bbjs-anchor\u00bb][\/vc_column][vc_column width=\u00bb5\/12&#8243; offset=\u00bbvc_col-lg-offset-2&#8243;][vc_text_separator title=\u00bbOfrecer cursos de idiomas\u00bb css=\u00bb.vc_custom_1508792243956{padding-top: 0.5em !important;padding-bottom: 1.5em !important;}\u00bb][vc_row_inner][vc_column_inner width=\u00bb1\/2&#8243;][vc_column_text] [&hellip;]<\/p>\n","protected":false},"author":6,"featured_media":0,"parent":0,"menu_order":0,"comment_status":"closed","ping_status":"closed","template":"","meta":[],"yoast_head":"<!-- This site is optimized with the Yoast SEO plugin v20.10 - https:\/\/yoast.com\/wordpress\/plugins\/seo\/ -->\n<title>E-shop angli\u010dtina online - (So Good Languages.com)<\/title>\n<meta name=\"description\" content=\"Angli\u010dtina online - nejobl\u00edben\u011bj\u0161\u00ed kurzy angli\u010dtiny na \u010desk\u00e9m internetu. V\u00edce ne\u017e 40 tis. student\u016f v \u010cR. Za\u010dn\u011bte studovat zdarma a hned.\" \/>\n<meta name=\"robots\" content=\"index, follow, max-snippet:-1, max-image-preview:large, max-video-preview:-1\" \/>\n<link rel=\"canonical\" href=\"https:\/\/dev.sogoodlanguages.com\/es\/e-shop-ingles\/\" \/>\n<meta property=\"og:locale\" content=\"es_ES\" \/>\n<meta property=\"og:type\" content=\"article\" \/>\n<meta property=\"og:title\" content=\"E-shop angli\u010dtina online - (So Good Languages.com)\" \/>\n<meta property=\"og:description\" content=\"Angli\u010dtina online - nejobl\u00edben\u011bj\u0161\u00ed kurzy angli\u010dtiny na \u010desk\u00e9m internetu. V\u00edce ne\u017e 40 tis. student\u016f v \u010cR. Za\u010dn\u011bte studovat zdarma a hned.\" \/>\n<meta property=\"og:url\" content=\"https:\/\/dev.sogoodlanguages.com\/es\/e-shop-ingles\/\" \/>\n<meta property=\"og:site_name\" content=\"SoGood Languages\" \/>\n<meta property=\"article:publisher\" content=\"https:\/\/www.facebook.com\/SoGood-Languages-1434502526865341\" \/>\n<meta property=\"article:modified_time\" content=\"2019-05-16T05:03:01+00:00\" \/>\n<meta property=\"og:image\" content=\"https:\/\/dev.sogoodlanguages.com\/wp-content\/uploads\/2017\/09\/en.png\" \/>\n<meta name=\"twitter:card\" content=\"summary_large_image\" \/>\n<meta name=\"twitter:label1\" content=\"Tiempo de lectura\" \/>\n\t<meta name=\"twitter:data1\" content=\"8 minutos\" \/>\n<script type=\"application\/ld+json\" class=\"yoast-schema-graph\">{\"@context\":\"https:\/\/schema.org\",\"@graph\":[{\"@type\":\"WebPage\",\"@id\":\"https:\/\/dev.sogoodlanguages.com\/es\/e-shop-ingles\/\",\"url\":\"https:\/\/dev.sogoodlanguages.com\/es\/e-shop-ingles\/\",\"name\":\"E-shop angli\u010dtina online - (So Good Languages.com)\",\"isPartOf\":{\"@id\":\"https:\/\/dev.sogoodlanguages.com\/es\/#website\"},\"datePublished\":\"2019-05-06T09:19:38+00:00\",\"dateModified\":\"2019-05-16T05:03:01+00:00\",\"description\":\"Angli\u010dtina online - nejobl\u00edben\u011bj\u0161\u00ed kurzy angli\u010dtiny na \u010desk\u00e9m internetu. V\u00edce ne\u017e 40 tis. student\u016f v \u010cR. Za\u010dn\u011bte studovat zdarma a hned.\",\"breadcrumb\":{\"@id\":\"https:\/\/dev.sogoodlanguages.com\/es\/e-shop-ingles\/#breadcrumb\"},\"inLanguage\":\"es\",\"potentialAction\":[{\"@type\":\"ReadAction\",\"target\":[\"https:\/\/dev.sogoodlanguages.com\/es\/e-shop-ingles\/\"]}]},{\"@type\":\"BreadcrumbList\",\"@id\":\"https:\/\/dev.sogoodlanguages.com\/es\/e-shop-ingles\/#breadcrumb\",\"itemListElement\":[{\"@type\":\"ListItem\",\"position\":1,\"name\":\"Dom\u016f\",\"item\":\"https:\/\/dev.sogoodlanguages.com\/es\/homepage-2-3\/\"},{\"@type\":\"ListItem\",\"position\":2,\"name\":\"E-shop &#8211; Ingl\u00e9s\"}]},{\"@type\":\"WebSite\",\"@id\":\"https:\/\/dev.sogoodlanguages.com\/es\/#website\",\"url\":\"https:\/\/dev.sogoodlanguages.com\/es\/\",\"name\":\"SoGood Languages\",\"description\":\"SoGood Languages\",\"potentialAction\":[{\"@type\":\"SearchAction\",\"target\":{\"@type\":\"EntryPoint\",\"urlTemplate\":\"https:\/\/dev.sogoodlanguages.com\/es\/?s={search_term_string}\"},\"query-input\":\"required name=search_term_string\"}],\"inLanguage\":\"es\"}]}<\/script>\n<!-- \/ Yoast SEO plugin. -->","yoast_head_json":{"title":"E-shop angli\u010dtina online - (So Good Languages.com)","description":"Angli\u010dtina online - nejobl\u00edben\u011bj\u0161\u00ed kurzy angli\u010dtiny na \u010desk\u00e9m internetu. V\u00edce ne\u017e 40 tis. student\u016f v \u010cR. Za\u010dn\u011bte studovat zdarma a hned.","robots":{"index":"index","follow":"follow","max-snippet":"max-snippet:-1","max-image-preview":"max-image-preview:large","max-video-preview":"max-video-preview:-1"},"canonical":"https:\/\/dev.sogoodlanguages.com\/es\/e-shop-ingles\/","og_locale":"es_ES","og_type":"article","og_title":"E-shop angli\u010dtina online - (So Good Languages.com)","og_description":"Angli\u010dtina online - nejobl\u00edben\u011bj\u0161\u00ed kurzy angli\u010dtiny na \u010desk\u00e9m internetu. V\u00edce ne\u017e 40 tis. student\u016f v \u010cR. Za\u010dn\u011bte studovat zdarma a hned.","og_url":"https:\/\/dev.sogoodlanguages.com\/es\/e-shop-ingles\/","og_site_name":"SoGood Languages","article_publisher":"https:\/\/www.facebook.com\/SoGood-Languages-1434502526865341","article_modified_time":"2019-05-16T05:03:01+00:00","og_image":[{"url":"https:\/\/dev.sogoodlanguages.com\/wp-content\/uploads\/2017\/09\/en.png"}],"twitter_card":"summary_large_image","twitter_misc":{"Tiempo de lectura":"8 minutos"},"schema":{"@context":"https:\/\/schema.org","@graph":[{"@type":"WebPage","@id":"https:\/\/dev.sogoodlanguages.com\/es\/e-shop-ingles\/","url":"https:\/\/dev.sogoodlanguages.com\/es\/e-shop-ingles\/","name":"E-shop angli\u010dtina online - (So Good Languages.com)","isPartOf":{"@id":"https:\/\/dev.sogoodlanguages.com\/es\/#website"},"datePublished":"2019-05-06T09:19:38+00:00","dateModified":"2019-05-16T05:03:01+00:00","description":"Angli\u010dtina online - nejobl\u00edben\u011bj\u0161\u00ed kurzy angli\u010dtiny na \u010desk\u00e9m internetu. V\u00edce ne\u017e 40 tis. student\u016f v \u010cR. Za\u010dn\u011bte studovat zdarma a hned.","breadcrumb":{"@id":"https:\/\/dev.sogoodlanguages.com\/es\/e-shop-ingles\/#breadcrumb"},"inLanguage":"es","potentialAction":[{"@type":"ReadAction","target":["https:\/\/dev.sogoodlanguages.com\/es\/e-shop-ingles\/"]}]},{"@type":"BreadcrumbList","@id":"https:\/\/dev.sogoodlanguages.com\/es\/e-shop-ingles\/#breadcrumb","itemListElement":[{"@type":"ListItem","position":1,"name":"Dom\u016f","item":"https:\/\/dev.sogoodlanguages.com\/es\/homepage-2-3\/"},{"@type":"ListItem","position":2,"name":"E-shop &#8211; Ingl\u00e9s"}]},{"@type":"WebSite","@id":"https:\/\/dev.sogoodlanguages.com\/es\/#website","url":"https:\/\/dev.sogoodlanguages.com\/es\/","name":"SoGood Languages","description":"SoGood Languages","potentialAction":[{"@type":"SearchAction","target":{"@type":"EntryPoint","urlTemplate":"https:\/\/dev.sogoodlanguages.com\/es\/?s={search_term_string}"},"query-input":"required name=search_term_string"}],"inLanguage":"es"}]}},"_links":{"self":[{"href":"https:\/\/dev.sogoodlanguages.com\/es\/wp-json\/wp\/v2\/pages\/85963"}],"collection":[{"href":"https:\/\/dev.sogoodlanguages.com\/es\/wp-json\/wp\/v2\/pages"}],"about":[{"href":"https:\/\/dev.sogoodlanguages.com\/es\/wp-json\/wp\/v2\/types\/page"}],"author":[{"embeddable":true,"href":"https:\/\/dev.sogoodlanguages.com\/es\/wp-json\/wp\/v2\/users\/6"}],"replies":[{"embeddable":true,"href":"https:\/\/dev.sogoodlanguages.com\/es\/wp-json\/wp\/v2\/comments?post=85963"}],"version-history":[{"count":24,"href":"https:\/\/dev.sogoodlanguages.com\/es\/wp-json\/wp\/v2\/pages\/85963\/revisions"}],"predecessor-version":[{"id":86183,"href":"https:\/\/dev.sogoodlanguages.com\/es\/wp-json\/wp\/v2\/pages\/85963\/revisions\/86183"}],"wp:attachment":[{"href":"https:\/\/dev.sogoodlanguages.com\/es\/wp-json\/wp\/v2\/media?parent=85963"}],"curies":[{"name":"wp","href":"https:\/\/api.w.org\/{rel}","templated":true}]}}