{"id":86570,"date":"2019-07-08T14:18:59","date_gmt":"2019-07-08T12:18:59","guid":{"rendered":"https:\/\/dev.sogoodlanguages.com\/proteccion-de-datos-personales\/"},"modified":"2019-07-08T14:24:18","modified_gmt":"2019-07-08T12:24:18","slug":"proteccion-de-datos-personales","status":"publish","type":"page","link":"https:\/\/dev.sogoodlanguages.com\/es\/proteccion-de-datos-personales\/","title":{"rendered":"Protecci\u00f3n de datos personales"},"content":{"rendered":"<p><strong>LA\u00a0ONLINE learning, s r.o.<\/strong> est\u00e1 especialmente sensibilizada en la protecci\u00f3n de los datos de los USUARIOS de los servicios a los que se accede a trav\u00e9s de su web. Mediante la presente Pol\u00edtica de Privacidad (en adelante , la Pol\u00edtica) LA Online Learning, s r.o. informa a los USUARIOS del sitio web: easylingo.com\/es )del tratamiento y usos a los que se someten los datos de car\u00e1cter personal que se recaban en la web, con el fin de que decidan, libre y voluntariamente, si desean facilitar la informaci\u00f3n solicitada.<\/p>\n<p><strong>LA\u00a0ONLINE learning s.r.o.<\/strong> se reserva la facultad de modificar esta Pol\u00edtica con el objeto de adaptarla a novedades legislativas, criterios jurisprudenciales, pr\u00e1cticas del sector, o intereses de la entidad. Cualquier modificaci\u00f3n en la misma ser\u00e1 anunciada con la debida antelaci\u00f3n, a fin de que tengas perfecto conocimiento de su contenido.<\/p>\n<p>Ciertos servicios prestados en el portal pueden contener condiciones particulares con previsiones en materia de protecci\u00f3n de Datos Personales. De ellos puedes informarte en los correspondientes apartados.<\/p>\n<p><strong>TITULARIDAD DEL TRATAMIENTO<\/strong><br \/>\nEn dichos supuestos, los datos recabados por LA ONLINE learning s.r.o. ser\u00e1n incorporados a ficheros titularidad de LA (VUESTRA EMPRESA) , debidamente inscritos en el Registro General de Protecci\u00f3n de Datos.<\/p>\n<p><strong>USOS Y FINALIDADES<\/strong><br \/>\nLa finalidad de la recogida y tratamiento de los datos personales es la gesti\u00f3n, prestaci\u00f3n y personalizaci\u00f3n de los servicios y contenidos del mismo que el USUARIO utilice y de la cual se informar\u00e1 en cada apartado.<\/p>\n<p><strong>COMUNICACI\u00d3N DE LOS DATOS<\/strong><br \/>\nLos datos recabados a trav\u00e9s de la web s\u00f3lo ser\u00e1n cedidos en aquellos casos en que expresamente se informe de ello al USUARIO.<\/p>\n<p><strong>ACTUALIZACI\u00d3N DE LOS DATOS<\/strong><br \/>\nCon el fin de que los datos obrantes en nuestras bases de datos siempre correspondan a tu situaci\u00f3n real deber\u00e1s mantenerlos actualizados, bien actualiz\u00e1ndolos t\u00fa directamente en los caso en que ello sea posible bien comunic\u00e1ndolo al departamento correspondiente.<\/p>\n<p><strong>UTILIZACI\u00d3N DE COOKIES<\/strong><br \/>\nCon el objeto de proteger la intimidad de los usuarios de su p\u00e1gina web LA\u00a0ONLINE learning s.r.o. no emplea cookies cuando los mismos navegan por la misma.<\/p>\n<p><strong>SEGURIDAD DE LOS DATOS<\/strong><br \/>\nLA\u00a0ONLINE learning s.r.o. ha adoptado en su sistema de informaci\u00f3n las medidas t\u00e9cnicas y organizativas legalmente requeridas, a fin de garantizar la seguridad y confidencialidad de los datos almacenados, evitando as\u00ed, en la medida de lo posible, su alteraci\u00f3n, p\u00e9rdida, tratamiento o acceso no autorizado.<\/p>\n<p><strong>DERECHOS DE LOS USUARIOS<\/strong><br \/>\nEn todo caso podr\u00e1s acceder a tus datos, rectificarlos, cancelarlos y en su caso, oponerte a su tratamiento:<\/p>\n<ol>\n<li>bien mediante solicitud acompa\u00f1ada de una fotocopia de tu D.N.I., remitida a la siguiente direcci\u00f3n postal: LA ONLINE learning s.r.o.,\u00a0Nerudova 198\/36, 500 02 Hradec Kr\u00e1lov\u00e9,\u00a0 C.P.\u00a027477169 (de la Rep\u00fablica Checa).<\/li>\n<li>bien mandando un e-mail a la siguiente direcci\u00f3n de correo electr\u00f3nico: info@easylingo.es<\/li>\n<\/ol>\n","protected":false},"excerpt":{"rendered":"<p>LA\u00a0ONLINE learning, s r.o. est\u00e1 especialmente sensibilizada en la protecci\u00f3n de los datos de los USUARIOS de los servicios a los que se accede a trav\u00e9s de su web. Mediante la presente Pol\u00edtica de Privacidad (en adelante , la Pol\u00edtica) LA Online Learning, s r.o. informa a los USUARIOS del sitio web: easylingo.com\/es )del tratamiento [&hellip;]<\/p>\n","protected":false},"author":1,"featured_media":0,"parent":0,"menu_order":0,"comment_status":"closed","ping_status":"closed","template":"","meta":[],"yoast_head":"<!-- This site is optimized with the Yoast SEO plugin v20.10 - https:\/\/yoast.com\/wordpress\/plugins\/seo\/ -->\n<title>Protecci\u00f3n de datos personales - SoGood Languages<\/title>\n<meta name=\"robots\" content=\"index, follow, max-snippet:-1, max-image-preview:large, max-video-preview:-1\" \/>\n<link rel=\"canonical\" href=\"https:\/\/dev.sogoodlanguages.com\/es\/proteccion-de-datos-personales\/\" \/>\n<meta property=\"og:locale\" content=\"es_ES\" \/>\n<meta property=\"og:type\" content=\"article\" \/>\n<meta property=\"og:title\" content=\"Protecci\u00f3n de datos personales - SoGood Languages\" \/>\n<meta property=\"og:description\" content=\"LA\u00a0ONLINE learning, s r.o. est\u00e1 especialmente sensibilizada en la protecci\u00f3n de los datos de los USUARIOS de los servicios a los que se accede a trav\u00e9s de su web. Mediante la presente Pol\u00edtica de Privacidad (en adelante , la Pol\u00edtica) LA Online Learning, s r.o. informa a los USUARIOS del sitio web: easylingo.com\/es )del tratamiento [&hellip;]\" \/>\n<meta property=\"og:url\" content=\"https:\/\/dev.sogoodlanguages.com\/es\/proteccion-de-datos-personales\/\" \/>\n<meta property=\"og:site_name\" content=\"SoGood Languages\" \/>\n<meta property=\"article:publisher\" content=\"https:\/\/www.facebook.com\/SoGood-Languages-1434502526865341\" \/>\n<meta property=\"article:modified_time\" content=\"2019-07-08T12:24:18+00:00\" \/>\n<meta name=\"twitter:card\" content=\"summary_large_image\" \/>\n<meta name=\"twitter:label1\" content=\"Tiempo de lectura\" \/>\n\t<meta name=\"twitter:data1\" content=\"3 minutos\" \/>\n<script type=\"application\/ld+json\" class=\"yoast-schema-graph\">{\"@context\":\"https:\/\/schema.org\",\"@graph\":[{\"@type\":\"WebPage\",\"@id\":\"https:\/\/dev.sogoodlanguages.com\/es\/proteccion-de-datos-personales\/\",\"url\":\"https:\/\/dev.sogoodlanguages.com\/es\/proteccion-de-datos-personales\/\",\"name\":\"Protecci\u00f3n de datos personales - SoGood Languages\",\"isPartOf\":{\"@id\":\"https:\/\/dev.sogoodlanguages.com\/es\/#website\"},\"datePublished\":\"2019-07-08T12:18:59+00:00\",\"dateModified\":\"2019-07-08T12:24:18+00:00\",\"breadcrumb\":{\"@id\":\"https:\/\/dev.sogoodlanguages.com\/es\/proteccion-de-datos-personales\/#breadcrumb\"},\"inLanguage\":\"es\",\"potentialAction\":[{\"@type\":\"ReadAction\",\"target\":[\"https:\/\/dev.sogoodlanguages.com\/es\/proteccion-de-datos-personales\/\"]}]},{\"@type\":\"BreadcrumbList\",\"@id\":\"https:\/\/dev.sogoodlanguages.com\/es\/proteccion-de-datos-personales\/#breadcrumb\",\"itemListElement\":[{\"@type\":\"ListItem\",\"position\":1,\"name\":\"Dom\u016f\",\"item\":\"https:\/\/dev.sogoodlanguages.com\/es\/homepage-2-3\/\"},{\"@type\":\"ListItem\",\"position\":2,\"name\":\"Protecci\u00f3n de datos personales\"}]},{\"@type\":\"WebSite\",\"@id\":\"https:\/\/dev.sogoodlanguages.com\/es\/#website\",\"url\":\"https:\/\/dev.sogoodlanguages.com\/es\/\",\"name\":\"SoGood Languages\",\"description\":\"SoGood Languages\",\"potentialAction\":[{\"@type\":\"SearchAction\",\"target\":{\"@type\":\"EntryPoint\",\"urlTemplate\":\"https:\/\/dev.sogoodlanguages.com\/es\/?s={search_term_string}\"},\"query-input\":\"required name=search_term_string\"}],\"inLanguage\":\"es\"}]}<\/script>\n<!-- \/ Yoast SEO plugin. -->","yoast_head_json":{"title":"Protecci\u00f3n de datos personales - SoGood Languages","robots":{"index":"index","follow":"follow","max-snippet":"max-snippet:-1","max-image-preview":"max-image-preview:large","max-video-preview":"max-video-preview:-1"},"canonical":"https:\/\/dev.sogoodlanguages.com\/es\/proteccion-de-datos-personales\/","og_locale":"es_ES","og_type":"article","og_title":"Protecci\u00f3n de datos personales - SoGood Languages","og_description":"LA\u00a0ONLINE learning, s r.o. est\u00e1 especialmente sensibilizada en la protecci\u00f3n de los datos de los USUARIOS de los servicios a los que se accede a trav\u00e9s de su web. Mediante la presente Pol\u00edtica de Privacidad (en adelante , la Pol\u00edtica) LA Online Learning, s r.o. informa a los USUARIOS del sitio web: easylingo.com\/es )del tratamiento [&hellip;]","og_url":"https:\/\/dev.sogoodlanguages.com\/es\/proteccion-de-datos-personales\/","og_site_name":"SoGood Languages","article_publisher":"https:\/\/www.facebook.com\/SoGood-Languages-1434502526865341","article_modified_time":"2019-07-08T12:24:18+00:00","twitter_card":"summary_large_image","twitter_misc":{"Tiempo de lectura":"3 minutos"},"schema":{"@context":"https:\/\/schema.org","@graph":[{"@type":"WebPage","@id":"https:\/\/dev.sogoodlanguages.com\/es\/proteccion-de-datos-personales\/","url":"https:\/\/dev.sogoodlanguages.com\/es\/proteccion-de-datos-personales\/","name":"Protecci\u00f3n de datos personales - SoGood Languages","isPartOf":{"@id":"https:\/\/dev.sogoodlanguages.com\/es\/#website"},"datePublished":"2019-07-08T12:18:59+00:00","dateModified":"2019-07-08T12:24:18+00:00","breadcrumb":{"@id":"https:\/\/dev.sogoodlanguages.com\/es\/proteccion-de-datos-personales\/#breadcrumb"},"inLanguage":"es","potentialAction":[{"@type":"ReadAction","target":["https:\/\/dev.sogoodlanguages.com\/es\/proteccion-de-datos-personales\/"]}]},{"@type":"BreadcrumbList","@id":"https:\/\/dev.sogoodlanguages.com\/es\/proteccion-de-datos-personales\/#breadcrumb","itemListElement":[{"@type":"ListItem","position":1,"name":"Dom\u016f","item":"https:\/\/dev.sogoodlanguages.com\/es\/homepage-2-3\/"},{"@type":"ListItem","position":2,"name":"Protecci\u00f3n de datos personales"}]},{"@type":"WebSite","@id":"https:\/\/dev.sogoodlanguages.com\/es\/#website","url":"https:\/\/dev.sogoodlanguages.com\/es\/","name":"SoGood Languages","description":"SoGood Languages","potentialAction":[{"@type":"SearchAction","target":{"@type":"EntryPoint","urlTemplate":"https:\/\/dev.sogoodlanguages.com\/es\/?s={search_term_string}"},"query-input":"required name=search_term_string"}],"inLanguage":"es"}]}},"_links":{"self":[{"href":"https:\/\/dev.sogoodlanguages.com\/es\/wp-json\/wp\/v2\/pages\/86570"}],"collection":[{"href":"https:\/\/dev.sogoodlanguages.com\/es\/wp-json\/wp\/v2\/pages"}],"about":[{"href":"https:\/\/dev.sogoodlanguages.com\/es\/wp-json\/wp\/v2\/types\/page"}],"author":[{"embeddable":true,"href":"https:\/\/dev.sogoodlanguages.com\/es\/wp-json\/wp\/v2\/users\/1"}],"replies":[{"embeddable":true,"href":"https:\/\/dev.sogoodlanguages.com\/es\/wp-json\/wp\/v2\/comments?post=86570"}],"version-history":[{"count":1,"href":"https:\/\/dev.sogoodlanguages.com\/es\/wp-json\/wp\/v2\/pages\/86570\/revisions"}],"predecessor-version":[{"id":86571,"href":"https:\/\/dev.sogoodlanguages.com\/es\/wp-json\/wp\/v2\/pages\/86570\/revisions\/86571"}],"wp:attachment":[{"href":"https:\/\/dev.sogoodlanguages.com\/es\/wp-json\/wp\/v2\/media?parent=86570"}],"curies":[{"name":"wp","href":"https:\/\/api.w.org\/{rel}","templated":true}]}}